{"id":1001696,"date":"2023-11-10T14:28:19","date_gmt":"2023-11-10T14:28:19","guid":{"rendered":"https:\/\/ovalmedicalcentre.co.uk\/nele-dumpert-ginecologa\/"},"modified":"2023-12-11T15:34:40","modified_gmt":"2023-12-11T15:34:40","slug":"nele-dumpert-ginecologa","status":"publish","type":"page","link":"https:\/\/ovalmedicalcentre.co.uk\/es\/nele-dumpert-ginecologa\/","title":{"rendered":"Nele Dumpert Ginec\u00f3loga"},"content":{"rendered":"\t\t<div data-elementor-type=\"wp-page\" data-elementor-id=\"1001696\" class=\"elementor elementor-1001696 elementor-1001467\" data-elementor-post-type=\"page\">\n\t\t\t\t\t\t<section class=\"elementor-section elementor-top-section elementor-element elementor-element-4d2978a elementor-section-height-min-height elementor-section-items-stretch elementor-section-boxed elementor-section-height-default\" data-id=\"4d2978a\" data-element_type=\"section\" data-e-type=\"section\" data-settings=\"{&quot;background_background&quot;:&quot;classic&quot;}\">\n\t\t\t\t\t\t<div class=\"elementor-container elementor-column-gap-default\">\n\t\t\t\t\t<div class=\"elementor-column elementor-col-100 elementor-top-column elementor-element elementor-element-dc2fbc2\" data-id=\"dc2fbc2\" data-element_type=\"column\" data-e-type=\"column\" data-settings=\"{&quot;background_background&quot;:&quot;classic&quot;}\">\n\t\t\t<div class=\"elementor-widget-wrap elementor-element-populated\">\n\t\t\t\t\t\t<section class=\"elementor-section elementor-inner-section elementor-element elementor-element-165de90 elementor-section-content-bottom elementor-reverse-mobile elementor-section-boxed elementor-section-height-default elementor-section-height-default\" data-id=\"165de90\" data-element_type=\"section\" data-e-type=\"section\" data-settings=\"{&quot;background_background&quot;:&quot;classic&quot;}\">\n\t\t\t\t\t\t<div class=\"elementor-container elementor-column-gap-default\">\n\t\t\t\t\t<div class=\"elementor-column elementor-col-50 elementor-inner-column elementor-element elementor-element-21c885d\" data-id=\"21c885d\" data-element_type=\"column\" data-e-type=\"column\" data-settings=\"{&quot;background_background&quot;:&quot;classic&quot;}\">\n\t\t\t<div class=\"elementor-widget-wrap elementor-element-populated\">\n\t\t\t\t\t\t<div class=\"elementor-element elementor-element-fc25719 elementor-widget elementor-widget-heading\" data-id=\"fc25719\" data-element_type=\"widget\" data-e-type=\"widget\" data-widget_type=\"heading.default\">\n\t\t\t\t<div class=\"elementor-widget-container\">\n\t\t\t\t\t<h1 class=\"elementor-heading-title elementor-size-default\">Nele Dumpert<\/h1>\t\t\t\t<\/div>\n\t\t\t\t<\/div>\n\t\t\t\t<div class=\"elementor-element elementor-element-1d0fa58 elementor-widget elementor-widget-heading\" data-id=\"1d0fa58\" data-element_type=\"widget\" data-e-type=\"widget\" data-widget_type=\"heading.default\">\n\t\t\t\t<div class=\"elementor-widget-container\">\n\t\t\t\t\t<h4 class=\"elementor-heading-title elementor-size-default\">Ginec\u00f3loga<\/h4>\t\t\t\t<\/div>\n\t\t\t\t<\/div>\n\t\t\t\t<div class=\"elementor-element elementor-element-afe8889 elementor-hidden-phone elementor-widget-divider--view-line elementor-widget elementor-widget-divider\" data-id=\"afe8889\" data-element_type=\"widget\" data-e-type=\"widget\" data-widget_type=\"divider.default\">\n\t\t\t\t<div class=\"elementor-widget-container\">\n\t\t\t\t\t\t\t<div class=\"elementor-divider\">\n\t\t\t<span class=\"elementor-divider-separator\">\n\t\t\t\t\t\t<\/span>\n\t\t<\/div>\n\t\t\t\t\t\t<\/div>\n\t\t\t\t<\/div>\n\t\t\t\t<div class=\"elementor-element elementor-element-11a9a74 elementor-align-left elementor-mobile-align-center btn-gradient-blue elementor-widget elementor-widget-button\" data-id=\"11a9a74\" data-element_type=\"widget\" data-e-type=\"widget\" data-widget_type=\"button.default\">\n\t\t\t\t<div class=\"elementor-widget-container\">\n\t\t\t\t\t\t\t\t\t<div class=\"elementor-button-wrapper\">\n\t\t\t\t\t<a class=\"elementor-button elementor-button-link elementor-size-sm\" href=\"https:\/\/ovalmedicalcentre.co.uk\/es\/reserve-una-cita\/\">\n\t\t\t\t\t\t<span class=\"elementor-button-content-wrapper\">\n\t\t\t\t\t\t<span class=\"elementor-button-icon\">\n\t\t\t\t<i aria-hidden=\"true\" class=\"fas fa-chevron-circle-right\"><\/i>\t\t\t<\/span>\n\t\t\t\t\t\t\t\t\t<span class=\"elementor-button-text\"> Reserve Una Cita<\/span>\n\t\t\t\t\t<\/span>\n\t\t\t\t\t<\/a>\n\t\t\t\t<\/div>\n\t\t\t\t\t\t\t\t<\/div>\n\t\t\t\t<\/div>\n\t\t\t\t\t<\/div>\n\t\t<\/div>\n\t\t\t\t<div class=\"elementor-column elementor-col-50 elementor-inner-column elementor-element elementor-element-c16644f\" data-id=\"c16644f\" data-element_type=\"column\" data-e-type=\"column\" data-settings=\"{&quot;background_background&quot;:&quot;classic&quot;}\">\n\t\t\t<div class=\"elementor-widget-wrap elementor-element-populated\">\n\t\t\t\t\t<div class=\"elementor-background-overlay\"><\/div>\n\t\t\t\t\t\t<div class=\"elementor-element elementor-element-00f59fa elementor-widget elementor-widget-spacer\" data-id=\"00f59fa\" data-element_type=\"widget\" data-e-type=\"widget\" data-widget_type=\"spacer.default\">\n\t\t\t\t<div class=\"elementor-widget-container\">\n\t\t\t\t\t\t\t<div class=\"elementor-spacer\">\n\t\t\t<div class=\"elementor-spacer-inner\"><\/div>\n\t\t<\/div>\n\t\t\t\t\t\t<\/div>\n\t\t\t\t<\/div>\n\t\t\t\t\t<\/div>\n\t\t<\/div>\n\t\t\t\t\t<\/div>\n\t\t<\/section>\n\t\t\t\t\t<\/div>\n\t\t<\/div>\n\t\t\t\t\t<\/div>\n\t\t<\/section>\n\t\t\t\t<section class=\"elementor-section elementor-top-section elementor-element elementor-element-71fb637 elementor-section-boxed elementor-section-height-default elementor-section-height-default\" data-id=\"71fb637\" data-element_type=\"section\" data-e-type=\"section\">\n\t\t\t\t\t\t<div class=\"elementor-container elementor-column-gap-default\">\n\t\t\t\t\t<div class=\"elementor-column elementor-col-100 elementor-top-column elementor-element elementor-element-6faf67a\" data-id=\"6faf67a\" data-element_type=\"column\" data-e-type=\"column\">\n\t\t\t<div class=\"elementor-widget-wrap elementor-element-populated\">\n\t\t\t\t\t\t<section class=\"elementor-section elementor-inner-section elementor-element elementor-element-c845a9a elementor-reverse-mobile elementor-section-boxed elementor-section-height-default elementor-section-height-default\" data-id=\"c845a9a\" data-element_type=\"section\" data-e-type=\"section\">\n\t\t\t\t\t\t<div class=\"elementor-container elementor-column-gap-default\">\n\t\t\t\t\t<div class=\"elementor-column elementor-col-33 elementor-inner-column elementor-element elementor-element-99851a7 elementor-hidden-phone\" data-id=\"99851a7\" data-element_type=\"column\" data-e-type=\"column\">\n\t\t\t<div class=\"elementor-widget-wrap elementor-element-populated\">\n\t\t\t\t\t\t<div class=\"elementor-element elementor-element-59aa181 elementor-widget__width-auto elementor-hidden-mobile elementor-widget elementor-widget-heading\" data-id=\"59aa181\" data-element_type=\"widget\" data-e-type=\"widget\" data-widget_type=\"heading.default\">\n\t\t\t\t<div class=\"elementor-widget-container\">\n\t\t\t\t\t<h4 class=\"elementor-heading-title elementor-size-default\">Acerca de Dumpert<\/h4>\t\t\t\t<\/div>\n\t\t\t\t<\/div>\n\t\t\t\t\t<\/div>\n\t\t<\/div>\n\t\t\t\t<div class=\"elementor-column elementor-col-33 elementor-inner-column elementor-element elementor-element-91befea\" data-id=\"91befea\" data-element_type=\"column\" data-e-type=\"column\">\n\t\t\t<div class=\"elementor-widget-wrap elementor-element-populated\">\n\t\t\t\t\t\t<div class=\"elementor-element elementor-element-33a8a5f elementor-hidden-desktop elementor-hidden-tablet elementor-view-default elementor-position-block-start elementor-mobile-position-block-start elementor-widget elementor-widget-icon-box\" data-id=\"33a8a5f\" data-element_type=\"widget\" data-e-type=\"widget\" data-widget_type=\"icon-box.default\">\n\t\t\t\t<div class=\"elementor-widget-container\">\n\t\t\t\t\t\t\t\t\t<div  class=\"elementor-icon-box-wrapper\">\n\t\t\t\t\t\t\t\t\t\t<div class=\"elementor-icon-box-icon\">\n\t\t\t\t\t\t<span class=\"elementor-icon elementor-animation-\" >\n\t\t\t\t\t\t<i aria-hidden=\"true\" class=\"fas fa-user-md\"><\/i>\t\t\t\t\t\t<\/span>\n\t\t\t\t\t<\/div>\n\t\t\t\t\t\t\t\t\t\t<div class=\"elementor-icon-box-content\">\n\t\t\t\t\t\t<h4 class=\"elementor-icon-box-title\">\n\t\t\t\t\t\t\t<span >Acerca de Dumpert<\/span>\n\t\t\t\t\t\t<\/h4>\n\t\t\t\t\t\t\t\t\t\t\t<\/div>\n\t\t\t\t<\/div>\n\t\t\t\t\t\t\t\t<\/div>\n\t\t\t\t<\/div>\n\t\t\t\t<div class=\"elementor-element elementor-element-701c71a elementor-widget elementor-widget-text-editor\" data-id=\"701c71a\" data-element_type=\"widget\" data-e-type=\"widget\" data-widget_type=\"text-editor.default\">\n\t\t\t\t<div class=\"elementor-widget-container\">\n\t\t\t\t\t\t\t\t\t<p>La Dra. Nele Dumpert es una ginec\u00f3loga altamente cualificada y apasionada por su trabajo. Naci\u00f3 en Frankfurt\/Main, Alemania. Impulsada por una profunda experiencia durante un a\u00f1o en \u00c1frica, trabajando como voluntaria en un hospital rural de Zimbabwe, donde atend\u00eda partos y atend\u00eda a mujeres embarazadas, descubri\u00f3 una pasi\u00f3n por la ginecolog\u00eda que tuvo gran importancia en su carrera profesional.<\/p>\n<p>Dedicada a la salud de la mujer, la Dra Dupert emprendi\u00f3 su trayectoria professional, calificandose como medica en la Universidad Christian-Albrechts de Kiel, Alemania. Inici\u00f3 su formacion en obstetricia y ginecologia en 2005 y obtuvo la calificaci\u00f3n completa como ginec\u00f3loga en 2011. Su trayectoria professional la ha llevado a diferentes entornos de atencion medica en Alemania, Suiza, Australia, Luxemburgo y el Reino Unido, abarcando tanto hospitales y clinicas de NHS como privados.<\/p>\n<p>Trabajando de manera hol\u00edstica, la Dra Dumpert se enfoca en condiciones hormonales, ofreciendo atenci\u00f3n integral para problemas como irregularidades menstruales, s\u00edndrome de ovario poliqu\u00edstico (SOP), perimenopausia\/menopausia, acn\u00e9 hormonal, s\u00edndrome premenstrual (SPM) y endometriosis. Su enfoque combina orientaci\u00f3n diet\u00e9tica, cambios en el estilo de vida, suplementos y medicamentos recetados, incluida la terapia de reemplazo hormonal (TRH) con hormonas id\u00e9nticas al la del proprio cuerpo. Adem\u00e1s, la Dra Dumpert brinda atenci\u00f3n prenatal durante el embarazo, incluidas ecograf\u00edas, asesoramiento sobre anticonceptivos y realiza procedimientos como la inserci\u00f3n y extracci\u00f3n de implantes y dispositivo intra uterino (DIU).<\/p>\n<p>La Dra Dumpert encuentra motivaci\u00f3n al presenciar c\u00f3mo los pacientes se vuelven empoderados, saludables y seguros de sus cuerpos. Habiendo experimentado personalmente los desaf\u00edos del aborto espont\u00e1neo, conoce el valor de la atenci\u00f3n personalizada en las primeras etapas del embarazo y el asesoramiento previo al embarazo, con el objetivo de apoyar a las personas en sus experiencias reproductivas \u00fanicas.<\/p>\n<p>Miembro distinguido de varias organizaciones de atenci\u00f3n m\u00e9dica, incluidas FSRH, FEMM Health, NFPTA, BMS y BSCCP, la Dra. Dumpert recibi\u00f3 el Premio Oxleas Exellence en Educaci\u00f3n M\u00e9dica en 2022, lo que demuestra su dedicaci\u00f3n a la educaci\u00f3n m\u00e9dica.<\/p>\n<p>La Dra Dumpert ocupa un importante puesto como consultora en el Servicio Nacional de Salud (NHS) en el Oxleas NHS Trust y trabaja adicionalmente como consultora en Colposcopia en el Hospital Homerton<\/p>\n<p>A nivel personal, la Dra Dumpert valora el tiempo que pasa en la naturaleza, disfruta de la jardiner\u00eda, disfruta de la cocina y valora los momentos con amigos y familiares. Apasionada del dibujo, equilibra la excelencia profesional con los intereses personales. Casada y con tres hijos peque\u00f1os, la Dra Dumpert encarna un enfoque hol\u00edstico de la vida, tanto dentro como fuera del \u00e1mbito m\u00e9dico.<\/p>\n\t\t\t\t\t\t\t\t<\/div>\n\t\t\t\t<\/div>\n\t\t\t\t\t<\/div>\n\t\t<\/div>\n\t\t\t\t<div class=\"elementor-column elementor-col-33 elementor-inner-column elementor-element elementor-element-7fd0c27\" data-id=\"7fd0c27\" data-element_type=\"column\" data-e-type=\"column\">\n\t\t\t<div class=\"elementor-widget-wrap elementor-element-populated\">\n\t\t\t\t\t\t<div class=\"elementor-element elementor-element-9992e92 elementor-view-default elementor-position-block-start elementor-mobile-position-block-start elementor-widget elementor-widget-icon-box\" data-id=\"9992e92\" data-element_type=\"widget\" data-e-type=\"widget\" data-widget_type=\"icon-box.default\">\n\t\t\t\t<div class=\"elementor-widget-container\">\n\t\t\t\t\t\t\t\t\t<div  class=\"elementor-icon-box-wrapper\">\n\t\t\t\t\t\t\t\t\t\t<div class=\"elementor-icon-box-icon\">\n\t\t\t\t\t\t<span class=\"elementor-icon elementor-animation-\" >\n\t\t\t\t\t\t<i aria-hidden=\"true\" class=\"fas fa-language\"><\/i>\t\t\t\t\t\t<\/span>\n\t\t\t\t\t<\/div>\n\t\t\t\t\t\t\t\t\t\t<div class=\"elementor-icon-box-content\">\n\t\t\t\t\t\t<h4 class=\"elementor-icon-box-title\">\n\t\t\t\t\t\t\t<span >Idiomas<\/span>\n\t\t\t\t\t\t<\/h4>\n\t\t\t\t\t\t\t\t\t\t\t\t<p class=\"elementor-icon-box-description\">. Ingl\u00e9s<\/br>\r\n. Aleman<\/br>\r\n. Espa\u00f1ol<\/br>\r\n. Franc\u00e9s<br\/>\r\n. Comprende Portugu\u00e9s<\/p>\n\t\t\t\t\t\t\t\t\t\t\t<\/div>\n\t\t\t\t<\/div>\n\t\t\t\t\t\t\t\t<\/div>\n\t\t\t\t<\/div>\n\t\t\t\t\t<\/div>\n\t\t<\/div>\n\t\t\t\t\t<\/div>\n\t\t<\/section>\n\t\t\t\t\t<\/div>\n\t\t<\/div>\n\t\t\t\t\t<\/div>\n\t\t<\/section>\n\t\t\t\t<\/div>\n\t\t","protected":false},"excerpt":{"rendered":"<p>Nele Dumpert Ginec\u00f3loga Reserve Una Cita Acerca de Dumpert Acerca de Dumpert La Dra. Nele Dumpert es una ginec\u00f3loga altamente cualificada y apasionada por su trabajo. Naci\u00f3 en Frankfurt\/Main, Alemania. Impulsada por una profunda experiencia durante un a\u00f1o en \u00c1frica, trabajando como voluntaria en un hospital rural de Zimbabwe, donde atend\u00eda partos y atend\u00eda a&#8230;<\/p>\n","protected":false},"author":1,"featured_media":0,"parent":0,"menu_order":0,"comment_status":"closed","ping_status":"closed","template":"","meta":{"footnotes":""},"class_list":["post-1001696","page","type-page","status-publish","hentry"],"_links":{"self":[{"href":"https:\/\/ovalmedicalcentre.co.uk\/es\/wp-json\/wp\/v2\/pages\/1001696","targetHints":{"allow":["GET"]}}],"collection":[{"href":"https:\/\/ovalmedicalcentre.co.uk\/es\/wp-json\/wp\/v2\/pages"}],"about":[{"href":"https:\/\/ovalmedicalcentre.co.uk\/es\/wp-json\/wp\/v2\/types\/page"}],"author":[{"embeddable":true,"href":"https:\/\/ovalmedicalcentre.co.uk\/es\/wp-json\/wp\/v2\/users\/1"}],"replies":[{"embeddable":true,"href":"https:\/\/ovalmedicalcentre.co.uk\/es\/wp-json\/wp\/v2\/comments?post=1001696"}],"version-history":[{"count":4,"href":"https:\/\/ovalmedicalcentre.co.uk\/es\/wp-json\/wp\/v2\/pages\/1001696\/revisions"}],"predecessor-version":[{"id":1001987,"href":"https:\/\/ovalmedicalcentre.co.uk\/es\/wp-json\/wp\/v2\/pages\/1001696\/revisions\/1001987"}],"wp:attachment":[{"href":"https:\/\/ovalmedicalcentre.co.uk\/es\/wp-json\/wp\/v2\/media?parent=1001696"}],"curies":[{"name":"wp","href":"https:\/\/api.w.org\/{rel}","templated":true}]}}