{"id":1004441,"date":"2024-08-29T18:24:35","date_gmt":"2024-08-29T17:24:35","guid":{"rendered":"https:\/\/ovalmedicalcentre.co.uk\/dr-barbara-marinho-medico-general\/"},"modified":"2024-09-06T18:03:15","modified_gmt":"2024-09-06T17:03:15","slug":"dr-barbara-marinho-medico-general","status":"publish","type":"page","link":"https:\/\/ovalmedicalcentre.co.uk\/es\/dr-barbara-marinho-medico-general\/","title":{"rendered":"Dr Barbara Marinho M\u00e9dico General"},"content":{"rendered":"\t\t<div data-elementor-type=\"wp-page\" data-elementor-id=\"1004441\" class=\"elementor elementor-1004441 elementor-1004410\" data-elementor-post-type=\"page\">\n\t\t\t\t\t\t<section class=\"elementor-section elementor-top-section elementor-element elementor-element-67e8477 elementor-section-height-min-height elementor-section-items-stretch elementor-section-boxed elementor-section-height-default\" data-id=\"67e8477\" data-element_type=\"section\" data-e-type=\"section\" data-settings=\"{&quot;background_background&quot;:&quot;classic&quot;}\">\n\t\t\t\t\t\t<div class=\"elementor-container elementor-column-gap-default\">\n\t\t\t\t\t<div class=\"elementor-column elementor-col-100 elementor-top-column elementor-element elementor-element-5064b97\" data-id=\"5064b97\" data-element_type=\"column\" data-e-type=\"column\" data-settings=\"{&quot;background_background&quot;:&quot;classic&quot;}\">\n\t\t\t<div class=\"elementor-widget-wrap elementor-element-populated\">\n\t\t\t\t\t\t<section class=\"elementor-section elementor-inner-section elementor-element elementor-element-546d34c elementor-section-content-bottom elementor-reverse-mobile elementor-section-boxed elementor-section-height-default elementor-section-height-default\" data-id=\"546d34c\" data-element_type=\"section\" data-e-type=\"section\" data-settings=\"{&quot;background_background&quot;:&quot;classic&quot;}\">\n\t\t\t\t\t\t<div class=\"elementor-container elementor-column-gap-default\">\n\t\t\t\t\t<div class=\"elementor-column elementor-col-50 elementor-inner-column elementor-element elementor-element-c2d6cb8\" data-id=\"c2d6cb8\" data-element_type=\"column\" data-e-type=\"column\" data-settings=\"{&quot;background_background&quot;:&quot;classic&quot;}\">\n\t\t\t<div class=\"elementor-widget-wrap elementor-element-populated\">\n\t\t\t\t\t\t<div class=\"elementor-element elementor-element-472cb1a elementor-widget elementor-widget-heading\" data-id=\"472cb1a\" data-element_type=\"widget\" data-e-type=\"widget\" data-widget_type=\"heading.default\">\n\t\t\t\t<div class=\"elementor-widget-container\">\n\t\t\t\t\t<h1 class=\"elementor-heading-title elementor-size-default\">Barbara Marinho<\/h1>\t\t\t\t<\/div>\n\t\t\t\t<\/div>\n\t\t\t\t<div class=\"elementor-element elementor-element-63f8dfc elementor-widget elementor-widget-heading\" data-id=\"63f8dfc\" data-element_type=\"widget\" data-e-type=\"widget\" data-widget_type=\"heading.default\">\n\t\t\t\t<div class=\"elementor-widget-container\">\n\t\t\t\t\t<h4 class=\"elementor-heading-title elementor-size-default\">M\u00e9dico de Cabecera<\/h4>\t\t\t\t<\/div>\n\t\t\t\t<\/div>\n\t\t\t\t<div class=\"elementor-element elementor-element-2ea1021 elementor-hidden-phone elementor-widget-divider--view-line elementor-widget elementor-widget-divider\" data-id=\"2ea1021\" data-element_type=\"widget\" data-e-type=\"widget\" data-widget_type=\"divider.default\">\n\t\t\t\t<div class=\"elementor-widget-container\">\n\t\t\t\t\t\t\t<div class=\"elementor-divider\">\n\t\t\t<span class=\"elementor-divider-separator\">\n\t\t\t\t\t\t<\/span>\n\t\t<\/div>\n\t\t\t\t\t\t<\/div>\n\t\t\t\t<\/div>\n\t\t\t\t<div class=\"elementor-element elementor-element-a7321dd elementor-align-left elementor-mobile-align-center btn-gradient-blue elementor-hidden-mobile elementor-widget elementor-widget-button\" data-id=\"a7321dd\" data-element_type=\"widget\" data-e-type=\"widget\" data-widget_type=\"button.default\">\n\t\t\t\t<div class=\"elementor-widget-container\">\n\t\t\t\t\t\t\t\t\t<div class=\"elementor-button-wrapper\">\n\t\t\t\t\t<a class=\"elementor-button elementor-button-link elementor-size-sm\" href=\"https:\/\/ovalmedicalcentre.co.uk\/es\/reserve-una-cita\/\">\n\t\t\t\t\t\t<span class=\"elementor-button-content-wrapper\">\n\t\t\t\t\t\t<span class=\"elementor-button-icon\">\n\t\t\t\t<i aria-hidden=\"true\" class=\"fas fa-chevron-circle-right\"><\/i>\t\t\t<\/span>\n\t\t\t\t\t\t\t\t\t<span class=\"elementor-button-text\"> Reserve Una Cita<\/span>\n\t\t\t\t\t<\/span>\n\t\t\t\t\t<\/a>\n\t\t\t\t<\/div>\n\t\t\t\t\t\t\t\t<\/div>\n\t\t\t\t<\/div>\n\t\t\t\t\t<\/div>\n\t\t<\/div>\n\t\t\t\t<div class=\"elementor-column elementor-col-50 elementor-inner-column elementor-element elementor-element-9e42c82\" data-id=\"9e42c82\" data-element_type=\"column\" data-e-type=\"column\" data-settings=\"{&quot;background_background&quot;:&quot;classic&quot;}\">\n\t\t\t<div class=\"elementor-widget-wrap elementor-element-populated\">\n\t\t\t\t\t<div class=\"elementor-background-overlay\"><\/div>\n\t\t\t\t\t\t<div class=\"elementor-element elementor-element-4b9efce elementor-widget elementor-widget-spacer\" data-id=\"4b9efce\" data-element_type=\"widget\" data-e-type=\"widget\" data-widget_type=\"spacer.default\">\n\t\t\t\t<div class=\"elementor-widget-container\">\n\t\t\t\t\t\t\t<div class=\"elementor-spacer\">\n\t\t\t<div class=\"elementor-spacer-inner\"><\/div>\n\t\t<\/div>\n\t\t\t\t\t\t<\/div>\n\t\t\t\t<\/div>\n\t\t\t\t\t<\/div>\n\t\t<\/div>\n\t\t\t\t\t<\/div>\n\t\t<\/section>\n\t\t\t\t\t<\/div>\n\t\t<\/div>\n\t\t\t\t\t<\/div>\n\t\t<\/section>\n\t\t\t\t<section class=\"elementor-section elementor-top-section elementor-element elementor-element-a4fa054 elementor-section-boxed elementor-section-height-default elementor-section-height-default\" data-id=\"a4fa054\" data-element_type=\"section\" data-e-type=\"section\">\n\t\t\t\t\t\t<div class=\"elementor-container elementor-column-gap-default\">\n\t\t\t\t\t<div class=\"elementor-column elementor-col-100 elementor-top-column elementor-element elementor-element-a8570de\" data-id=\"a8570de\" data-element_type=\"column\" data-e-type=\"column\">\n\t\t\t<div class=\"elementor-widget-wrap elementor-element-populated\">\n\t\t\t\t\t\t<section class=\"elementor-section elementor-inner-section elementor-element elementor-element-82865f1 elementor-reverse-mobile elementor-section-boxed elementor-section-height-default elementor-section-height-default\" data-id=\"82865f1\" data-element_type=\"section\" data-e-type=\"section\">\n\t\t\t\t\t\t<div class=\"elementor-container elementor-column-gap-default\">\n\t\t\t\t\t<div class=\"elementor-column elementor-col-33 elementor-inner-column elementor-element elementor-element-b7132f3 elementor-hidden-phone\" data-id=\"b7132f3\" data-element_type=\"column\" data-e-type=\"column\">\n\t\t\t<div class=\"elementor-widget-wrap elementor-element-populated\">\n\t\t\t\t\t\t<div class=\"elementor-element elementor-element-103a464 elementor-widget__width-auto elementor-hidden-mobile elementor-widget elementor-widget-heading\" data-id=\"103a464\" data-element_type=\"widget\" data-e-type=\"widget\" data-widget_type=\"heading.default\">\n\t\t\t\t<div class=\"elementor-widget-container\">\n\t\t\t\t\t<h4 class=\"elementor-heading-title elementor-size-default\">Acerca de Dra. Marinho<\/h4>\t\t\t\t<\/div>\n\t\t\t\t<\/div>\n\t\t\t\t\t<\/div>\n\t\t<\/div>\n\t\t\t\t<div class=\"elementor-column elementor-col-33 elementor-inner-column elementor-element elementor-element-baed4e3\" data-id=\"baed4e3\" data-element_type=\"column\" data-e-type=\"column\">\n\t\t\t<div class=\"elementor-widget-wrap elementor-element-populated\">\n\t\t\t\t\t\t<div class=\"elementor-element elementor-element-43ff61d elementor-hidden-desktop elementor-hidden-tablet elementor-view-default elementor-position-block-start elementor-mobile-position-block-start elementor-widget elementor-widget-icon-box\" data-id=\"43ff61d\" data-element_type=\"widget\" data-e-type=\"widget\" data-widget_type=\"icon-box.default\">\n\t\t\t\t<div class=\"elementor-widget-container\">\n\t\t\t\t\t\t\t\t\t<div  class=\"elementor-icon-box-wrapper\">\n\t\t\t\t\t\t\t\t\t\t<div class=\"elementor-icon-box-icon\">\n\t\t\t\t\t\t<span class=\"elementor-icon elementor-animation-\" >\n\t\t\t\t\t\t<i aria-hidden=\"true\" class=\"fas fa-user-md\"><\/i>\t\t\t\t\t\t<\/span>\n\t\t\t\t\t<\/div>\n\t\t\t\t\t\t\t\t\t\t<div class=\"elementor-icon-box-content\">\n\t\t\t\t\t\t<h4 class=\"elementor-icon-box-title\">\n\t\t\t\t\t\t\t<span >Acerca de Dra. Marinho<\/span>\n\t\t\t\t\t\t<\/h4>\n\t\t\t\t\t\t\t\t\t\t\t<\/div>\n\t\t\t\t<\/div>\n\t\t\t\t\t\t\t\t<\/div>\n\t\t\t\t<\/div>\n\t\t\t\t<div class=\"elementor-element elementor-element-43c76b7 elementor-widget elementor-widget-text-editor\" data-id=\"43c76b7\" data-element_type=\"widget\" data-e-type=\"widget\" data-widget_type=\"text-editor.default\">\n\t\t\t\t<div class=\"elementor-widget-container\">\n\t\t\t\t\t\t\t\t\t<p>La Dra. B\u00e1rbara Marinho es originaria de Natal, Brasil, y habla con fluidez portugu\u00e9s, espa\u00f1ol e ingl\u00e9s. Estudi\u00f3 medicina impulsada por un fuerte deseo de impactar positivamente a otras personas. Durante los \u00faltimos cinco a\u00f1os, la Dra. Marinho se ha consolidado como una profesional de la salud dedicada y compasiva, con formaci\u00f3n tanto en educaci\u00f3n m\u00e9dica como en pr\u00e1ctica cl\u00ednica.<\/p>\n<p>La Dra. Marinho obtuvo su t\u00edtulo de doctora en la Universidad de Potiguar en Natal. Su trayectoria acad\u00e9mica se distingue por haber completado dos t\u00edtulos intercalados: uno en Ciencias Biom\u00e9dicas en Queen Mary University of London (2016) y otro en la Universidad CEU San Pablo de Madrid. Siempre buscando la excelencia, tom\u00f3 la decisi\u00f3n de realizar estudios de posgrado adicionales, incluyendo Principios y Pr\u00e1ctica de la Investigaci\u00f3n Cl\u00ednica en la Universidad de Harvard (2020), un M\u00e1ster en Administraci\u00f3n de Empresas en Quantic School of Business and Technology (2024), y un t\u00edtulo en Liderazgo y Gesti\u00f3n Sanitaria en la Universidad de Brighton (2024). La Dra. Marinho tambi\u00e9n complet\u00f3 la Beca de Liderazgo y Educaci\u00f3n del NHS en Salud Global en Queen Victoria Hospital NHS Foundation Trust en 2024.<\/p>\n<p>A lo largo de su carrera, la Dra. Marinho ha trabajado en diversos entornos de atenci\u00f3n sanitaria, incluyendo Atenci\u00f3n Primaria, consultas de m\u00e9dicos de cabecera, Servicios de Urgencias en hospitales p\u00fablicos y privados, y como Sub-Investigadora Cl\u00ednica en la Universidad de Oxford. Su compromiso con la salud global es palpable en su papel en el Departamento de Preparaci\u00f3n para Emergencias y Socorro en Casos de Desastre de la Organizaci\u00f3n Mundial de la Salud en Washington, DC, y como becaria en el prestigioso curso de Principios de Medicina de Aviaci\u00f3n y Espacial en el Centro Espacial Johnson de la NASA.<\/p>\n<p>En el Reino Unido, la Dra. Marinho fue L\u00edder de Investigaci\u00f3n en Queen Victoria Hospital NHS Foundation Trust y Gerente de Calidad y Gobernanza en DMC Healthcare. Su experiencia en gobernanza cl\u00ednica garantiz\u00f3 los m\u00e1s altos est\u00e1ndares de atenci\u00f3n en varios NHS Trusts.<\/p>\n<p>La Dra. Marinho est\u00e1 especializada en condiciones generales comunes, incluyendo hipertensi\u00f3n, diabetes mellitus, dislipidemia, infecciones respiratorias y enfermedades cardiovasculares, entre otras. Su enfoque en la atenci\u00f3n al paciente prioriza una comunicaci\u00f3n exhaustiva, asegurando que los pacientes se sientan informados, escuchados y valorados.<\/p>\n<p>Adem\u00e1s de su trabajo cl\u00ednico, la Dra. Marinho es miembro activo de la Sociedad Brasile\u00f1a de Medicina de Familia y Comunitaria y ha recibido numerosos premios, incluyendo la Beca L\u00edder Estudar y la Beca Internacional de Investigaci\u00f3n Cl\u00ednica Colaborativa de la Universidad de Harvard.<\/p>\n<p>Fuera del trabajo, la Dra. Marinho siente pasi\u00f3n por la educaci\u00f3n, los negocios y la gesti\u00f3n empresarial. Sus hobbies son el voleibol y el tenis, habiendo competido en campeonatos universitarios en Madrid. Su dedicaci\u00f3n a la medicina tiene una ra\u00edz muy personal. Su compromiso es honrar la memoria de su hermana, ofreciendo la mejor atenci\u00f3n a sus pacientes.<\/p>\n\t\t\t\t\t\t\t\t<\/div>\n\t\t\t\t<\/div>\n\t\t\t\t\t<\/div>\n\t\t<\/div>\n\t\t\t\t<div class=\"elementor-column elementor-col-33 elementor-inner-column elementor-element elementor-element-f22ec9e\" data-id=\"f22ec9e\" data-element_type=\"column\" data-e-type=\"column\">\n\t\t\t<div class=\"elementor-widget-wrap elementor-element-populated\">\n\t\t\t\t\t\t<div class=\"elementor-element elementor-element-983d4e5 elementor-view-default elementor-position-block-start elementor-mobile-position-block-start elementor-widget elementor-widget-icon-box\" data-id=\"983d4e5\" data-element_type=\"widget\" data-e-type=\"widget\" data-widget_type=\"icon-box.default\">\n\t\t\t\t<div class=\"elementor-widget-container\">\n\t\t\t\t\t\t\t\t\t<div  class=\"elementor-icon-box-wrapper\">\n\t\t\t\t\t\t\t\t\t\t<div class=\"elementor-icon-box-icon\">\n\t\t\t\t\t\t<span class=\"elementor-icon elementor-animation-\" >\n\t\t\t\t\t\t<i aria-hidden=\"true\" class=\"fas fa-language\"><\/i>\t\t\t\t\t\t<\/span>\n\t\t\t\t\t<\/div>\n\t\t\t\t\t\t\t\t\t\t<div class=\"elementor-icon-box-content\">\n\t\t\t\t\t\t<h4 class=\"elementor-icon-box-title\">\n\t\t\t\t\t\t\t<span >Idiomas<\/span>\n\t\t\t\t\t\t<\/h4>\n\t\t\t\t\t\t\t\t\t\t\t\t<p class=\"elementor-icon-box-description\">Espa\u00f1ol<br\/>\r\nIngl\u00e9s<br\/>\r\nPortugu\u00e9s<\/p>\n\t\t\t\t\t\t\t\t\t\t\t<\/div>\n\t\t\t\t<\/div>\n\t\t\t\t\t\t\t\t<\/div>\n\t\t\t\t<\/div>\n\t\t\t\t\t<\/div>\n\t\t<\/div>\n\t\t\t\t\t<\/div>\n\t\t<\/section>\n\t\t\t\t\t<\/div>\n\t\t<\/div>\n\t\t\t\t\t<\/div>\n\t\t<\/section>\n\t\t\t\t<\/div>\n\t\t","protected":false},"excerpt":{"rendered":"<p>Barbara Marinho M\u00e9dico de Cabecera Reserve Una Cita Acerca de Dra. Marinho Acerca de Dra. Marinho La Dra. B\u00e1rbara Marinho es originaria de Natal, Brasil, y habla con fluidez portugu\u00e9s, espa\u00f1ol e ingl\u00e9s. Estudi\u00f3 medicina impulsada por un fuerte deseo de impactar positivamente a otras personas. Durante los \u00faltimos cinco a\u00f1os, la Dra. Marinho se&#8230;<\/p>\n","protected":false},"author":1,"featured_media":0,"parent":0,"menu_order":0,"comment_status":"closed","ping_status":"closed","template":"","meta":{"footnotes":""},"class_list":["post-1004441","page","type-page","status-publish","hentry"],"_links":{"self":[{"href":"https:\/\/ovalmedicalcentre.co.uk\/es\/wp-json\/wp\/v2\/pages\/1004441","targetHints":{"allow":["GET"]}}],"collection":[{"href":"https:\/\/ovalmedicalcentre.co.uk\/es\/wp-json\/wp\/v2\/pages"}],"about":[{"href":"https:\/\/ovalmedicalcentre.co.uk\/es\/wp-json\/wp\/v2\/types\/page"}],"author":[{"embeddable":true,"href":"https:\/\/ovalmedicalcentre.co.uk\/es\/wp-json\/wp\/v2\/users\/1"}],"replies":[{"embeddable":true,"href":"https:\/\/ovalmedicalcentre.co.uk\/es\/wp-json\/wp\/v2\/comments?post=1004441"}],"version-history":[{"count":1,"href":"https:\/\/ovalmedicalcentre.co.uk\/es\/wp-json\/wp\/v2\/pages\/1004441\/revisions"}],"predecessor-version":[{"id":1004442,"href":"https:\/\/ovalmedicalcentre.co.uk\/es\/wp-json\/wp\/v2\/pages\/1004441\/revisions\/1004442"}],"wp:attachment":[{"href":"https:\/\/ovalmedicalcentre.co.uk\/es\/wp-json\/wp\/v2\/media?parent=1004441"}],"curies":[{"name":"wp","href":"https:\/\/api.w.org\/{rel}","templated":true}]}}