{"id":998402,"date":"2023-02-22T17:51:48","date_gmt":"2023-02-22T17:51:48","guid":{"rendered":"https:\/\/ovalmedicalcentre.co.uk\/anthony-hegarty-fisioterapeuta\/"},"modified":"2023-11-07T10:22:30","modified_gmt":"2023-11-07T10:22:30","slug":"anthony-hegarty-fisioterapeuta","status":"publish","type":"page","link":"https:\/\/ovalmedicalcentre.co.uk\/es\/anthony-hegarty-fisioterapeuta\/","title":{"rendered":"Anthony Hegarty Fisioterapeuta"},"content":{"rendered":"\t\t<div data-elementor-type=\"wp-page\" data-elementor-id=\"998402\" class=\"elementor elementor-998402 elementor-992636\" data-elementor-post-type=\"page\">\n\t\t\t\t\t\t<section class=\"elementor-section elementor-top-section elementor-element elementor-element-4462166c elementor-section-height-min-height elementor-section-items-stretch elementor-section-boxed elementor-section-height-default\" data-id=\"4462166c\" data-element_type=\"section\" data-e-type=\"section\" data-settings=\"{&quot;background_background&quot;:&quot;classic&quot;}\">\n\t\t\t\t\t\t<div class=\"elementor-container elementor-column-gap-default\">\n\t\t\t\t\t<div class=\"elementor-column elementor-col-100 elementor-top-column elementor-element elementor-element-b311ca9\" data-id=\"b311ca9\" data-element_type=\"column\" data-e-type=\"column\" data-settings=\"{&quot;background_background&quot;:&quot;classic&quot;}\">\n\t\t\t<div class=\"elementor-widget-wrap elementor-element-populated\">\n\t\t\t\t\t\t<section class=\"elementor-section elementor-inner-section elementor-element elementor-element-40c62e7f elementor-section-content-bottom elementor-reverse-mobile elementor-section-boxed elementor-section-height-default elementor-section-height-default\" data-id=\"40c62e7f\" data-element_type=\"section\" data-e-type=\"section\" data-settings=\"{&quot;background_background&quot;:&quot;classic&quot;}\">\n\t\t\t\t\t\t<div class=\"elementor-container elementor-column-gap-default\">\n\t\t\t\t\t<div class=\"elementor-column elementor-col-50 elementor-inner-column elementor-element elementor-element-4fed7979\" data-id=\"4fed7979\" data-element_type=\"column\" data-e-type=\"column\" data-settings=\"{&quot;background_background&quot;:&quot;classic&quot;}\">\n\t\t\t<div class=\"elementor-widget-wrap elementor-element-populated\">\n\t\t\t\t\t\t<div class=\"elementor-element elementor-element-465d0a74 elementor-widget elementor-widget-heading\" data-id=\"465d0a74\" data-element_type=\"widget\" data-e-type=\"widget\" data-widget_type=\"heading.default\">\n\t\t\t\t<div class=\"elementor-widget-container\">\n\t\t\t\t\t<h1 class=\"elementor-heading-title elementor-size-default\">Anthony Hegarty<\/h1>\t\t\t\t<\/div>\n\t\t\t\t<\/div>\n\t\t\t\t<div class=\"elementor-element elementor-element-7522994d elementor-widget elementor-widget-heading\" data-id=\"7522994d\" data-element_type=\"widget\" data-e-type=\"widget\" data-widget_type=\"heading.default\">\n\t\t\t\t<div class=\"elementor-widget-container\">\n\t\t\t\t\t<h4 class=\"elementor-heading-title elementor-size-default\">Fisioterapeuta<\/h4>\t\t\t\t<\/div>\n\t\t\t\t<\/div>\n\t\t\t\t<div class=\"elementor-element elementor-element-35abda34 elementor-hidden-phone elementor-widget-divider--view-line elementor-widget elementor-widget-divider\" data-id=\"35abda34\" data-element_type=\"widget\" data-e-type=\"widget\" data-widget_type=\"divider.default\">\n\t\t\t\t<div class=\"elementor-widget-container\">\n\t\t\t\t\t\t\t<div class=\"elementor-divider\">\n\t\t\t<span class=\"elementor-divider-separator\">\n\t\t\t\t\t\t<\/span>\n\t\t<\/div>\n\t\t\t\t\t\t<\/div>\n\t\t\t\t<\/div>\n\t\t\t\t<div class=\"elementor-element elementor-element-e067de2 elementor-align-left elementor-mobile-align-center btn-gradient-blue elementor-widget elementor-widget-button\" data-id=\"e067de2\" data-element_type=\"widget\" data-e-type=\"widget\" data-widget_type=\"button.default\">\n\t\t\t\t<div class=\"elementor-widget-container\">\n\t\t\t\t\t\t\t\t\t<div class=\"elementor-button-wrapper\">\n\t\t\t\t\t<a class=\"elementor-button elementor-button-link elementor-size-sm\" href=\"https:\/\/ovalmedicalcentre.co.uk\/es\/reserve-una-cita\/\">\n\t\t\t\t\t\t<span class=\"elementor-button-content-wrapper\">\n\t\t\t\t\t\t<span class=\"elementor-button-icon\">\n\t\t\t\t<i aria-hidden=\"true\" class=\"fas fa-chevron-circle-right\"><\/i>\t\t\t<\/span>\n\t\t\t\t\t\t\t\t\t<span class=\"elementor-button-text\"> Reserve Una Cita<\/span>\n\t\t\t\t\t<\/span>\n\t\t\t\t\t<\/a>\n\t\t\t\t<\/div>\n\t\t\t\t\t\t\t\t<\/div>\n\t\t\t\t<\/div>\n\t\t\t\t\t<\/div>\n\t\t<\/div>\n\t\t\t\t<div class=\"elementor-column elementor-col-50 elementor-inner-column elementor-element elementor-element-153cfd0c\" data-id=\"153cfd0c\" data-element_type=\"column\" data-e-type=\"column\" data-settings=\"{&quot;background_background&quot;:&quot;classic&quot;}\">\n\t\t\t<div class=\"elementor-widget-wrap elementor-element-populated\">\n\t\t\t\t\t<div class=\"elementor-background-overlay\"><\/div>\n\t\t\t\t\t\t<div class=\"elementor-element elementor-element-65032dae elementor-widget elementor-widget-spacer\" data-id=\"65032dae\" data-element_type=\"widget\" data-e-type=\"widget\" data-widget_type=\"spacer.default\">\n\t\t\t\t<div class=\"elementor-widget-container\">\n\t\t\t\t\t\t\t<div class=\"elementor-spacer\">\n\t\t\t<div class=\"elementor-spacer-inner\"><\/div>\n\t\t<\/div>\n\t\t\t\t\t\t<\/div>\n\t\t\t\t<\/div>\n\t\t\t\t\t<\/div>\n\t\t<\/div>\n\t\t\t\t\t<\/div>\n\t\t<\/section>\n\t\t\t\t\t<\/div>\n\t\t<\/div>\n\t\t\t\t\t<\/div>\n\t\t<\/section>\n\t\t\t\t<section class=\"elementor-section elementor-top-section elementor-element elementor-element-24b6e3b0 elementor-section-boxed elementor-section-height-default elementor-section-height-default\" data-id=\"24b6e3b0\" data-element_type=\"section\" data-e-type=\"section\">\n\t\t\t\t\t\t<div class=\"elementor-container elementor-column-gap-default\">\n\t\t\t\t\t<div class=\"elementor-column elementor-col-100 elementor-top-column elementor-element elementor-element-363ee029\" data-id=\"363ee029\" data-element_type=\"column\" data-e-type=\"column\">\n\t\t\t<div class=\"elementor-widget-wrap elementor-element-populated\">\n\t\t\t\t\t\t<section class=\"elementor-section elementor-inner-section elementor-element elementor-element-f4a848 elementor-reverse-mobile elementor-section-boxed elementor-section-height-default elementor-section-height-default\" data-id=\"f4a848\" data-element_type=\"section\" data-e-type=\"section\">\n\t\t\t\t\t\t<div class=\"elementor-container elementor-column-gap-default\">\n\t\t\t\t\t<div class=\"elementor-column elementor-col-33 elementor-inner-column elementor-element elementor-element-410cd8e7 elementor-hidden-phone\" data-id=\"410cd8e7\" data-element_type=\"column\" data-e-type=\"column\">\n\t\t\t<div class=\"elementor-widget-wrap elementor-element-populated\">\n\t\t\t\t\t\t<div class=\"elementor-element elementor-element-982e9ab elementor-widget__width-auto elementor-hidden-mobile elementor-widget elementor-widget-heading\" data-id=\"982e9ab\" data-element_type=\"widget\" data-e-type=\"widget\" data-widget_type=\"heading.default\">\n\t\t\t\t<div class=\"elementor-widget-container\">\n\t\t\t\t\t<h4 class=\"elementor-heading-title elementor-size-default\">Sobre Hegarty<\/h4>\t\t\t\t<\/div>\n\t\t\t\t<\/div>\n\t\t\t\t\t<\/div>\n\t\t<\/div>\n\t\t\t\t<div class=\"elementor-column elementor-col-33 elementor-inner-column elementor-element elementor-element-2914d84d\" data-id=\"2914d84d\" data-element_type=\"column\" data-e-type=\"column\">\n\t\t\t<div class=\"elementor-widget-wrap elementor-element-populated\">\n\t\t\t\t\t\t<div class=\"elementor-element elementor-element-4c906ce elementor-hidden-desktop elementor-hidden-tablet elementor-view-default elementor-position-block-start elementor-mobile-position-block-start elementor-widget elementor-widget-icon-box\" data-id=\"4c906ce\" data-element_type=\"widget\" data-e-type=\"widget\" data-widget_type=\"icon-box.default\">\n\t\t\t\t<div class=\"elementor-widget-container\">\n\t\t\t\t\t\t\t\t\t<div  class=\"elementor-icon-box-wrapper\">\n\t\t\t\t\t\t\t\t\t\t<div class=\"elementor-icon-box-icon\">\n\t\t\t\t\t\t<span class=\"elementor-icon elementor-animation-\" >\n\t\t\t\t\t\t<i aria-hidden=\"true\" class=\"fas fa-user-md\"><\/i>\t\t\t\t\t\t<\/span>\n\t\t\t\t\t<\/div>\n\t\t\t\t\t\t\t\t\t\t<div class=\"elementor-icon-box-content\">\n\t\t\t\t\t\t<h4 class=\"elementor-icon-box-title\">\n\t\t\t\t\t\t\t<span >Sobre Hegarty<\/span>\n\t\t\t\t\t\t<\/h4>\n\t\t\t\t\t\t\t\t\t\t\t<\/div>\n\t\t\t\t<\/div>\n\t\t\t\t\t\t\t\t<\/div>\n\t\t\t\t<\/div>\n\t\t\t\t<div class=\"elementor-element elementor-element-c67a5b3 elementor-widget elementor-widget-text-editor\" data-id=\"c67a5b3\" data-element_type=\"widget\" data-e-type=\"widget\" data-widget_type=\"text-editor.default\">\n\t\t\t\t<div class=\"elementor-widget-container\">\n\t\t\t\t\t\t\t\t\t<p>Tras haber acumulado una amplia experiencia en diferentes t\u00e9cnicas de fisioterapia trabajando para el NHS, el ej\u00e9rcito, consultas privadas y clientes corporativos, Anthony Hegarty ofrece las \u00faltimas prescripciones de ejercicios y actividades de movilizaci\u00f3n. Adem\u00e1s, ofrece un asesoramiento profundo sobre la autogesti\u00f3n de las lesiones, el dolor y los problemas de movimiento.<\/p><p>Nacido y educado en Londres, la prestigiosa carrera de Anthony en el campo de la fisioterapia comenz\u00f3 con una licenciatura en Medicina Musculoesquel\u00e9tica (MSK) en la Universidad de Londres. Antes de dedicarse por completo a la pr\u00e1ctica privada \u2013 y de unirse al equipo estelar de Oval \u2013 fue jefe de fisioterapia del West London NHS Trust.<\/p><p>Anthony describe su interacci\u00f3n con los pacientes como hol\u00edstica, ya que es muy consciente de c\u00f3mo las lesiones, las enfermedades y el dolor pueden afectar a las personas emocional y mentalmente, adem\u00e1s de f\u00edsicamente. Invierte tiempo en comprender los s\u00edntomas y las necesidades del paciente y le ayuda a alcanzar objetivos realistas.<\/p><p>Vinculando la salud mental a las medicinas para el deporte, la ortopedia y el apoyo MSK, Anthony tambi\u00e9n aporta opciones como la hidroterapia y la acupuntura a los protocolos de tratamiento cuando es necesario.<\/p><p>Anthony es miembro de la Chartered Society of Physiotherapy y sigue sus propios consejos utilizando el tiempo libre para mantenerse en forma con el golf y el senderismo, o para descansar mientras escucha m\u00fasica.<\/p><p>Registrado en HCPC &#8211; n\u00famero de registro PH34624<\/p>\t\t\t\t\t\t\t\t<\/div>\n\t\t\t\t<\/div>\n\t\t\t\t\t<\/div>\n\t\t<\/div>\n\t\t\t\t<div class=\"elementor-column elementor-col-33 elementor-inner-column elementor-element elementor-element-75ea322c\" data-id=\"75ea322c\" data-element_type=\"column\" data-e-type=\"column\">\n\t\t\t<div class=\"elementor-widget-wrap elementor-element-populated\">\n\t\t\t\t\t\t<div class=\"elementor-element elementor-element-543b7a9a elementor-view-default elementor-position-block-start elementor-mobile-position-block-start elementor-widget elementor-widget-icon-box\" data-id=\"543b7a9a\" data-element_type=\"widget\" data-e-type=\"widget\" data-widget_type=\"icon-box.default\">\n\t\t\t\t<div class=\"elementor-widget-container\">\n\t\t\t\t\t\t\t\t\t<div  class=\"elementor-icon-box-wrapper\">\n\t\t\t\t\t\t\t\t\t\t<div class=\"elementor-icon-box-icon\">\n\t\t\t\t\t\t<span class=\"elementor-icon elementor-animation-\" >\n\t\t\t\t\t\t<i aria-hidden=\"true\" class=\"fas fa-language\"><\/i>\t\t\t\t\t\t<\/span>\n\t\t\t\t\t<\/div>\n\t\t\t\t\t\t\t\t\t\t<div class=\"elementor-icon-box-content\">\n\t\t\t\t\t\t<h4 class=\"elementor-icon-box-title\">\n\t\t\t\t\t\t\t<span >Idiomas<\/span>\n\t\t\t\t\t\t<\/h4>\n\t\t\t\t\t\t\t\t\t\t\t\t<p class=\"elementor-icon-box-description\">. Ingl\u00e9s<\/p>\n\t\t\t\t\t\t\t\t\t\t\t<\/div>\n\t\t\t\t<\/div>\n\t\t\t\t\t\t\t\t<\/div>\n\t\t\t\t<\/div>\n\t\t\t\t\t<\/div>\n\t\t<\/div>\n\t\t\t\t\t<\/div>\n\t\t<\/section>\n\t\t\t\t\t<\/div>\n\t\t<\/div>\n\t\t\t\t\t<\/div>\n\t\t<\/section>\n\t\t\t\t<\/div>\n\t\t","protected":false},"excerpt":{"rendered":"<p>Anthony Hegarty Fisioterapeuta Reserve Una Cita Sobre Hegarty Sobre Hegarty Tras haber acumulado una amplia experiencia en diferentes t\u00e9cnicas de fisioterapia trabajando para el NHS, el ej\u00e9rcito, consultas privadas y clientes corporativos, Anthony Hegarty ofrece las \u00faltimas prescripciones de ejercicios y actividades de movilizaci\u00f3n. Adem\u00e1s, ofrece un asesoramiento profundo sobre la autogesti\u00f3n de las lesiones,&#8230;<\/p>\n","protected":false},"author":1,"featured_media":0,"parent":0,"menu_order":0,"comment_status":"closed","ping_status":"closed","template":"","meta":{"footnotes":""},"class_list":["post-998402","page","type-page","status-publish","hentry"],"_links":{"self":[{"href":"https:\/\/ovalmedicalcentre.co.uk\/es\/wp-json\/wp\/v2\/pages\/998402","targetHints":{"allow":["GET"]}}],"collection":[{"href":"https:\/\/ovalmedicalcentre.co.uk\/es\/wp-json\/wp\/v2\/pages"}],"about":[{"href":"https:\/\/ovalmedicalcentre.co.uk\/es\/wp-json\/wp\/v2\/types\/page"}],"author":[{"embeddable":true,"href":"https:\/\/ovalmedicalcentre.co.uk\/es\/wp-json\/wp\/v2\/users\/1"}],"replies":[{"embeddable":true,"href":"https:\/\/ovalmedicalcentre.co.uk\/es\/wp-json\/wp\/v2\/comments?post=998402"}],"version-history":[{"count":6,"href":"https:\/\/ovalmedicalcentre.co.uk\/es\/wp-json\/wp\/v2\/pages\/998402\/revisions"}],"predecessor-version":[{"id":1001238,"href":"https:\/\/ovalmedicalcentre.co.uk\/es\/wp-json\/wp\/v2\/pages\/998402\/revisions\/1001238"}],"wp:attachment":[{"href":"https:\/\/ovalmedicalcentre.co.uk\/es\/wp-json\/wp\/v2\/media?parent=998402"}],"curies":[{"name":"wp","href":"https:\/\/api.w.org\/{rel}","templated":true}]}}