{"id":998481,"date":"2023-03-10T15:52:28","date_gmt":"2023-03-10T15:52:28","guid":{"rendered":"https:\/\/ovalmedicalcentre.co.uk\/devolucion-de-consultas-gratuitas\/"},"modified":"2024-10-04T10:54:38","modified_gmt":"2024-10-04T09:54:38","slug":"devolucion-de-consultas-gratuitas","status":"publish","type":"page","link":"https:\/\/ovalmedicalcentre.co.uk\/es\/devolucion-de-consultas-gratuitas\/","title":{"rendered":"Devoluci\u00f3n de Consultas Gratuitas"},"content":{"rendered":"\t\t<div data-elementor-type=\"wp-page\" data-elementor-id=\"998481\" class=\"elementor elementor-998481 elementor-994764\" data-elementor-post-type=\"page\">\n\t\t\t\t\t\t<section class=\"elementor-section elementor-top-section elementor-element elementor-element-89268d9 elementor-section-boxed elementor-section-height-default elementor-section-height-default\" data-id=\"89268d9\" data-element_type=\"section\" data-e-type=\"section\" data-settings=\"{&quot;background_background&quot;:&quot;gradient&quot;,&quot;shape_divider_bottom&quot;:&quot;curve&quot;,&quot;shape_divider_bottom_negative&quot;:&quot;yes&quot;}\">\n\t\t\t\t\t\t\t<div class=\"elementor-background-overlay\"><\/div>\n\t\t\t\t\t\t<div class=\"elementor-shape elementor-shape-bottom\" aria-hidden=\"true\" data-negative=\"true\">\n\t\t\t<svg xmlns=\"http:\/\/www.w3.org\/2000\/svg\" viewBox=\"0 0 1000 100\" preserveAspectRatio=\"none\">\n\t<path class=\"elementor-shape-fill\" d=\"M500,97C126.7,96.3,0.8,19.8,0,0v100l1000,0V1C1000,19.4,873.3,97.8,500,97z\"\/>\n<\/svg>\t\t<\/div>\n\t\t\t\t\t<div class=\"elementor-container elementor-column-gap-default\">\n\t\t\t\t\t<div class=\"elementor-column elementor-col-25 elementor-top-column elementor-element elementor-element-5f4fa77\" data-id=\"5f4fa77\" data-element_type=\"column\" data-e-type=\"column\">\n\t\t\t<div class=\"elementor-widget-wrap\">\n\t\t\t\t\t\t\t<\/div>\n\t\t<\/div>\n\t\t\t\t<div class=\"elementor-column elementor-col-50 elementor-top-column elementor-element elementor-element-43b8c12\" data-id=\"43b8c12\" data-element_type=\"column\" data-e-type=\"column\">\n\t\t\t<div class=\"elementor-widget-wrap elementor-element-populated\">\n\t\t\t\t\t\t<div class=\"elementor-element elementor-element-01cf8e3 elementor-widget elementor-widget-heading\" data-id=\"01cf8e3\" data-element_type=\"widget\" data-e-type=\"widget\" data-widget_type=\"heading.default\">\n\t\t\t\t<div class=\"elementor-widget-container\">\n\t\t\t\t\t<h1 class=\"elementor-heading-title elementor-size-default\">Devoluci\u00f3n de Consultas Gratuitas<\/h1>\t\t\t\t<\/div>\n\t\t\t\t<\/div>\n\t\t\t\t\t<\/div>\n\t\t<\/div>\n\t\t\t\t<div class=\"elementor-column elementor-col-25 elementor-top-column elementor-element elementor-element-85def38\" data-id=\"85def38\" data-element_type=\"column\" data-e-type=\"column\">\n\t\t\t<div class=\"elementor-widget-wrap\">\n\t\t\t\t\t\t\t<\/div>\n\t\t<\/div>\n\t\t\t\t\t<\/div>\n\t\t<\/section>\n\t\t\t\t<section class=\"elementor-section elementor-top-section elementor-element elementor-element-0e98a96 elementor-section-boxed elementor-section-height-default elementor-section-height-default\" data-id=\"0e98a96\" data-element_type=\"section\" data-e-type=\"section\">\n\t\t\t\t\t\t<div class=\"elementor-container elementor-column-gap-default\">\n\t\t\t\t\t<div class=\"elementor-column elementor-col-100 elementor-top-column elementor-element elementor-element-eb8ed1b\" data-id=\"eb8ed1b\" data-element_type=\"column\" data-e-type=\"column\">\n\t\t\t<div class=\"elementor-widget-wrap elementor-element-populated\">\n\t\t\t\t\t\t<div class=\"elementor-element elementor-element-ac156c9 elementor-view-stacked elementor-widget__width-auto elementor-shape-circle elementor-widget elementor-widget-icon\" data-id=\"ac156c9\" data-element_type=\"widget\" data-e-type=\"widget\" data-widget_type=\"icon.default\">\n\t\t\t\t<div class=\"elementor-widget-container\">\n\t\t\t\t\t\t\t<div class=\"elementor-icon-wrapper\">\n\t\t\t<div class=\"elementor-icon\">\n\t\t\t<i aria-hidden=\"true\" class=\"fas fa-exchange-alt\"><\/i>\t\t\t<\/div>\n\t\t<\/div>\n\t\t\t\t\t\t<\/div>\n\t\t\t\t<\/div>\n\t\t\t\t\t<\/div>\n\t\t<\/div>\n\t\t\t\t\t<\/div>\n\t\t<\/section>\n\t\t\t\t<section class=\"elementor-section elementor-top-section elementor-element elementor-element-eae77b5 elementor-section-boxed elementor-section-height-default elementor-section-height-default\" data-id=\"eae77b5\" data-element_type=\"section\" data-e-type=\"section\">\n\t\t\t\t\t\t<div class=\"elementor-container elementor-column-gap-default\">\n\t\t\t\t\t<div class=\"elementor-column elementor-col-25 elementor-top-column elementor-element elementor-element-fc8866d\" data-id=\"fc8866d\" data-element_type=\"column\" data-e-type=\"column\">\n\t\t\t<div class=\"elementor-widget-wrap\">\n\t\t\t\t\t\t\t<\/div>\n\t\t<\/div>\n\t\t\t\t<div class=\"elementor-column elementor-col-50 elementor-top-column elementor-element elementor-element-b1ce4d4\" data-id=\"b1ce4d4\" data-element_type=\"column\" data-e-type=\"column\">\n\t\t\t<div class=\"elementor-widget-wrap elementor-element-populated\">\n\t\t\t\t\t\t<div class=\"elementor-element elementor-element-e645055 elementor-widget elementor-widget-text-editor\" data-id=\"e645055\" data-element_type=\"widget\" data-e-type=\"widget\" data-widget_type=\"text-editor.default\">\n\t\t\t\t<div class=\"elementor-widget-container\">\n\t\t\t\t\t\t\t\t\tAlgunos de nuestros m\u00e9dicos ofrecen una consulta gratuita si vuelve en los 30 d\u00edas siguientes a su consulta original. Para beneficiarse de esta pol\u00edtica, debe demostrar que tiene los mismos s\u00edntomas que en su anterior visita y debe acudir al mismo m\u00e9dico.\n<h3>T\u00e9rminos y condiciones:<\/h3>\nLos siguientes m\u00e9dicos ofrecen actualmente una consulta de retorno gratuita:\n<ul class=\"ul-margin-top-bottom\">\n \t<li><span style=\"text-decoration: underline;\"><a href=\"https:\/\/ovalmedicalcentre.co.uk\/es\/dr-justino-monteiro-medico-general\/\">Dr. Justino Monteiro<\/a><\/span><\/li>\n \t<li><span style=\"text-decoration: underline;\"><a href=\"https:\/\/ovalmedicalcentre.co.uk\/es\/dra-sonia-jardim-medico-de-cabecera\/\">Dra. Sonia Jardim<\/a><\/span><\/li>\n \t<li><span style=\"text-decoration: underline;\"><a href=\"https:\/\/ovalmedicalcentre.co.uk\/es\/dr-victor-lourenco-medico-de-cabecera\/\">Dr. Victor Lourenco<\/a><\/span><\/li>\n \t<li><span style=\"text-decoration: underline;\"><a href=\"https:\/\/ovalmedicalcentre.co.uk\/es\/dra-gabrielle-cordeiro-de-oliveira-medico-general\/\">Dra. Gabrielle Oliveira<\/a><\/span><\/li>\n \t<li><span style=\"text-decoration: underline;\"><a href=\"https:\/\/ovalmedicalcentre.co.uk\/es\/dr-barbara-marinho-medico-general\/\">Dra. Barbara Marinho<\/a><\/span><\/li>\n<\/ul>\nSi necesita volver a consultar a un m\u00e9dico que no est\u00e1 en la lista anterior, deber\u00e1 pagar la tarifa completa de la consulta.\n\nSi vuelve a la cl\u00ednica una vez transcurrido el plazo de 30 d\u00edas, se le cobrar\u00e1 la tarifa de consulta habitual. Si vuelve dentro del periodo de 30 d\u00edas pero no ve al mismo m\u00e9dico, se le cobrar\u00e1 una tarifa reducida de 40 libras.\n\nSi vuelve con s\u00edntomas diferentes o con nuevos s\u00edntomas que no est\u00e9n relacionados con su cita inicial, el coste de su consulta quedar\u00e1 a discreci\u00f3n de su m\u00e9dico. El m\u00e9dico tomar\u00e1 esta decisi\u00f3n en funci\u00f3n de si cree que sus s\u00edntomas forman parte del mismo problema m\u00e9dico o son indicativos de un nuevo problema.\t\t\t\t\t\t\t\t<\/div>\n\t\t\t\t<\/div>\n\t\t\t\t<div class=\"elementor-element elementor-element-9ef6e99 elementor-align-left elementor-mobile-align-center btn-nogb-border elementor-widget elementor-widget-button\" data-id=\"9ef6e99\" data-element_type=\"widget\" data-e-type=\"widget\" data-widget_type=\"button.default\">\n\t\t\t\t<div class=\"elementor-widget-container\">\n\t\t\t\t\t\t\t\t\t<div class=\"elementor-button-wrapper\">\n\t\t\t\t\t<a class=\"elementor-button elementor-button-link elementor-size-sm\" href=\"https:\/\/ovalmedicalcentre.co.uk\/es\/informacion-del-paciente\/\">\n\t\t\t\t\t\t<span class=\"elementor-button-content-wrapper\">\n\t\t\t\t\t\t<span class=\"elementor-button-icon\">\n\t\t\t\t<i aria-hidden=\"true\" class=\"fas fa-chevron-circle-left\"><\/i>\t\t\t<\/span>\n\t\t\t\t\t\t\t\t\t<span class=\"elementor-button-text\">Regrasa<\/span>\n\t\t\t\t\t<\/span>\n\t\t\t\t\t<\/a>\n\t\t\t\t<\/div>\n\t\t\t\t\t\t\t\t<\/div>\n\t\t\t\t<\/div>\n\t\t\t\t\t<\/div>\n\t\t<\/div>\n\t\t\t\t<div class=\"elementor-column elementor-col-25 elementor-top-column elementor-element elementor-element-f098e11\" data-id=\"f098e11\" data-element_type=\"column\" data-e-type=\"column\">\n\t\t\t<div class=\"elementor-widget-wrap\">\n\t\t\t\t\t\t\t<\/div>\n\t\t<\/div>\n\t\t\t\t\t<\/div>\n\t\t<\/section>\n\t\t\t\t<\/div>\n\t\t","protected":false},"excerpt":{"rendered":"<p>Algunos de nuestros m\u00e9dicos ofrecen una consulta gratuita si vuelve en los 30 d\u00edas siguientes a su consulta original. Para beneficiarse de esta pol\u00edtica, debe demostrar que tiene los mismos s\u00edntomas que en su anterior visita y debe acudir al mismo m\u00e9dico. T\u00e9rminos y condiciones: Los siguientes m\u00e9dicos ofrecen actualmente una consulta de retorno gratuita:&#8230;<\/p>\n","protected":false},"author":1,"featured_media":0,"parent":0,"menu_order":0,"comment_status":"closed","ping_status":"closed","template":"","meta":{"footnotes":""},"class_list":["post-998481","page","type-page","status-publish","hentry"],"_links":{"self":[{"href":"https:\/\/ovalmedicalcentre.co.uk\/es\/wp-json\/wp\/v2\/pages\/998481","targetHints":{"allow":["GET"]}}],"collection":[{"href":"https:\/\/ovalmedicalcentre.co.uk\/es\/wp-json\/wp\/v2\/pages"}],"about":[{"href":"https:\/\/ovalmedicalcentre.co.uk\/es\/wp-json\/wp\/v2\/types\/page"}],"author":[{"embeddable":true,"href":"https:\/\/ovalmedicalcentre.co.uk\/es\/wp-json\/wp\/v2\/users\/1"}],"replies":[{"embeddable":true,"href":"https:\/\/ovalmedicalcentre.co.uk\/es\/wp-json\/wp\/v2\/comments?post=998481"}],"version-history":[{"count":9,"href":"https:\/\/ovalmedicalcentre.co.uk\/es\/wp-json\/wp\/v2\/pages\/998481\/revisions"}],"predecessor-version":[{"id":1004807,"href":"https:\/\/ovalmedicalcentre.co.uk\/es\/wp-json\/wp\/v2\/pages\/998481\/revisions\/1004807"}],"wp:attachment":[{"href":"https:\/\/ovalmedicalcentre.co.uk\/es\/wp-json\/wp\/v2\/media?parent=998481"}],"curies":[{"name":"wp","href":"https:\/\/api.w.org\/{rel}","templated":true}]}}