{"id":998497,"date":"2023-03-10T15:01:24","date_gmt":"2023-03-10T15:01:24","guid":{"rendered":"https:\/\/ovalmedicalcentre.co.uk\/politica-de-prescripcion\/"},"modified":"2023-05-04T16:48:59","modified_gmt":"2023-05-04T15:48:59","slug":"politica-de-prescripcion","status":"publish","type":"page","link":"https:\/\/ovalmedicalcentre.co.uk\/es\/politica-de-prescripcion\/","title":{"rendered":"Pol\u00edtica de Prescripci\u00f3n"},"content":{"rendered":"\t\t<div data-elementor-type=\"wp-page\" data-elementor-id=\"998497\" class=\"elementor elementor-998497 elementor-994747\" data-elementor-post-type=\"page\">\n\t\t\t\t\t\t<section class=\"elementor-section elementor-top-section elementor-element elementor-element-376fc7d elementor-section-boxed elementor-section-height-default elementor-section-height-default\" data-id=\"376fc7d\" data-element_type=\"section\" data-e-type=\"section\" data-settings=\"{&quot;background_background&quot;:&quot;gradient&quot;,&quot;shape_divider_bottom&quot;:&quot;curve&quot;,&quot;shape_divider_bottom_negative&quot;:&quot;yes&quot;}\">\n\t\t\t\t\t\t\t<div class=\"elementor-background-overlay\"><\/div>\n\t\t\t\t\t\t<div class=\"elementor-shape elementor-shape-bottom\" aria-hidden=\"true\" data-negative=\"true\">\n\t\t\t<svg xmlns=\"http:\/\/www.w3.org\/2000\/svg\" viewBox=\"0 0 1000 100\" preserveAspectRatio=\"none\">\n\t<path class=\"elementor-shape-fill\" d=\"M500,97C126.7,96.3,0.8,19.8,0,0v100l1000,0V1C1000,19.4,873.3,97.8,500,97z\"\/>\n<\/svg>\t\t<\/div>\n\t\t\t\t\t<div class=\"elementor-container elementor-column-gap-default\">\n\t\t\t\t\t<div class=\"elementor-column elementor-col-25 elementor-top-column elementor-element elementor-element-9074337\" data-id=\"9074337\" data-element_type=\"column\" data-e-type=\"column\">\n\t\t\t<div class=\"elementor-widget-wrap\">\n\t\t\t\t\t\t\t<\/div>\n\t\t<\/div>\n\t\t\t\t<div class=\"elementor-column elementor-col-50 elementor-top-column elementor-element elementor-element-b699602\" data-id=\"b699602\" data-element_type=\"column\" data-e-type=\"column\">\n\t\t\t<div class=\"elementor-widget-wrap elementor-element-populated\">\n\t\t\t\t\t\t<div class=\"elementor-element elementor-element-6772be8 elementor-widget elementor-widget-heading\" data-id=\"6772be8\" data-element_type=\"widget\" data-e-type=\"widget\" data-widget_type=\"heading.default\">\n\t\t\t\t<div class=\"elementor-widget-container\">\n\t\t\t\t\t<h1 class=\"elementor-heading-title elementor-size-default\">Pol\u00edtica de Prescripci\u00f3n<\/h1>\t\t\t\t<\/div>\n\t\t\t\t<\/div>\n\t\t\t\t\t<\/div>\n\t\t<\/div>\n\t\t\t\t<div class=\"elementor-column elementor-col-25 elementor-top-column elementor-element elementor-element-492e4b3\" data-id=\"492e4b3\" data-element_type=\"column\" data-e-type=\"column\">\n\t\t\t<div class=\"elementor-widget-wrap\">\n\t\t\t\t\t\t\t<\/div>\n\t\t<\/div>\n\t\t\t\t\t<\/div>\n\t\t<\/section>\n\t\t\t\t<section class=\"elementor-section elementor-top-section elementor-element elementor-element-b05f1a1 elementor-section-boxed elementor-section-height-default elementor-section-height-default\" data-id=\"b05f1a1\" data-element_type=\"section\" data-e-type=\"section\">\n\t\t\t\t\t\t<div class=\"elementor-container elementor-column-gap-default\">\n\t\t\t\t\t<div class=\"elementor-column elementor-col-100 elementor-top-column elementor-element elementor-element-566cfc2\" data-id=\"566cfc2\" data-element_type=\"column\" data-e-type=\"column\">\n\t\t\t<div class=\"elementor-widget-wrap elementor-element-populated\">\n\t\t\t\t\t\t<div class=\"elementor-element elementor-element-3efacdb elementor-view-stacked elementor-widget__width-auto elementor-shape-circle elementor-widget elementor-widget-icon\" data-id=\"3efacdb\" data-element_type=\"widget\" data-e-type=\"widget\" data-widget_type=\"icon.default\">\n\t\t\t\t<div class=\"elementor-widget-container\">\n\t\t\t\t\t\t\t<div class=\"elementor-icon-wrapper\">\n\t\t\t<div class=\"elementor-icon\">\n\t\t\t<i aria-hidden=\"true\" class=\"fas fa-pills\"><\/i>\t\t\t<\/div>\n\t\t<\/div>\n\t\t\t\t\t\t<\/div>\n\t\t\t\t<\/div>\n\t\t\t\t\t<\/div>\n\t\t<\/div>\n\t\t\t\t\t<\/div>\n\t\t<\/section>\n\t\t\t\t<section class=\"elementor-section elementor-top-section elementor-element elementor-element-4e63335 elementor-section-boxed elementor-section-height-default elementor-section-height-default\" data-id=\"4e63335\" data-element_type=\"section\" data-e-type=\"section\">\n\t\t\t\t\t\t<div class=\"elementor-container elementor-column-gap-default\">\n\t\t\t\t\t<div class=\"elementor-column elementor-col-25 elementor-top-column elementor-element elementor-element-8c0e41a\" data-id=\"8c0e41a\" data-element_type=\"column\" data-e-type=\"column\">\n\t\t\t<div class=\"elementor-widget-wrap\">\n\t\t\t\t\t\t\t<\/div>\n\t\t<\/div>\n\t\t\t\t<div class=\"elementor-column elementor-col-50 elementor-top-column elementor-element elementor-element-4427010\" data-id=\"4427010\" data-element_type=\"column\" data-e-type=\"column\">\n\t\t\t<div class=\"elementor-widget-wrap elementor-element-populated\">\n\t\t\t\t\t\t<div class=\"elementor-element elementor-element-70aabf7 elementor-widget elementor-widget-text-editor\" data-id=\"70aabf7\" data-element_type=\"widget\" data-e-type=\"widget\" data-widget_type=\"text-editor.default\">\n\t\t\t\t<div class=\"elementor-widget-container\">\n\t\t\t\t\t\t\t\t\tA los pacientes registrados en la Pr\u00e1ctica se les prescribir\u00e1 la medicaci\u00f3n seg\u00fan la necesidad cl\u00ednica.\r\nA todos los pacientes nuevos se les preguntar\u00e1 sobre la medicaci\u00f3n actual en el Formulario de Registro de Nuevos Pacientes y en su Cita de Revisi\u00f3n de Nuevos Pacientes. La medicaci\u00f3n ser\u00e1 a\u00f1adida a su expediente por un prescriptor de la Pr\u00e1ctica.\r\nLa Pr\u00e1ctica opera una pol\u00edtica de prescripci\u00f3n de medicamentos dentro de la licencia.\r\n\r\nCuando se ha prescrito medicaci\u00f3n, esta informaci\u00f3n se registra en el expediente del paciente en ese momento.\r\n\r\nCuando el contacto ha tenido lugar fuera de la consulta (por ejemplo, en el domicilio del paciente), el m\u00e9dico se asegurar\u00e1 de que el registro del paciente se actualice lo antes posible, para mantener la exactitud.\r\n\r\nCuando los hospitales hayan agregado \/ descontinuado \/ enmendado la medicaci\u00f3n de un paciente, la Pr\u00e1ctica se asegurar\u00e1 de que esta informaci\u00f3n se registre en el registro del paciente de manera oportuna. Los documentos se escanear\u00e1n en el registro del paciente y se enviar\u00e1 una solicitud al m\u00e9dico del paciente para que actualice el registro seg\u00fan corresponda y emita cualquier prescripci\u00f3n necesaria.\r\n\r\nCuando se alcance el n\u00famero m\u00e1ximo de recetas repetidas autorizadas, se enviar\u00e1 una solicitud al prescriptor para que vuelva a autorizarlas y se introducir\u00e1 en el registro del paciente.\r\n\r\nLa pol\u00edtica de la Pr\u00e1ctica es que todos los pacientes que toman medicamentos deben recibir una revisi\u00f3n de la medicaci\u00f3n al menos una vez al a\u00f1o.\r\n\r\nLa revisi\u00f3n puede ser llevada a cabo por un dispensador o por un cl\u00ednico.\r\n\r\nSi se informa de alergias o sensibilidades, \u00e9stas se registrar\u00e1n en el historial del paciente.\r\n\r\nCuando se prescriba la medicaci\u00f3n, el prescriptor advertir\u00e1 al paciente de los posibles efectos secundarios y le explicar\u00e1 que si experimenta alg\u00fan efecto secundario, debe pedir consejo. El registro del paciente se anotar\u00e1 para indicar que se ha dado este consejo.\r\n\r\nToda la medicaci\u00f3n prescrita estar\u00e1 vinculada a un diagn\u00f3stico en la historia cl\u00ednica del paciente y se codificar\u00e1 adecuadamente si el sistema cl\u00ednico lo permite.\r\n\r\nLos pacientes recibir\u00e1n consejos sobre c\u00f3mo y cu\u00e1ndo tomar su medicaci\u00f3n y esta informaci\u00f3n tambi\u00e9n se imprimir\u00e1 en la receta y en la etiqueta de dispensaci\u00f3n.\t\t\t\t\t\t\t\t<\/div>\n\t\t\t\t<\/div>\n\t\t\t\t<div class=\"elementor-element elementor-element-0df4abb elementor-align-left elementor-mobile-align-center btn-nogb-border elementor-widget elementor-widget-button\" data-id=\"0df4abb\" data-element_type=\"widget\" data-e-type=\"widget\" data-widget_type=\"button.default\">\n\t\t\t\t<div class=\"elementor-widget-container\">\n\t\t\t\t\t\t\t\t\t<div class=\"elementor-button-wrapper\">\n\t\t\t\t\t<a class=\"elementor-button elementor-button-link elementor-size-sm\" href=\"https:\/\/ovalmedicalcentre.co.uk\/es\/informacion-del-paciente\/\">\n\t\t\t\t\t\t<span class=\"elementor-button-content-wrapper\">\n\t\t\t\t\t\t<span class=\"elementor-button-icon\">\n\t\t\t\t<i aria-hidden=\"true\" class=\"fas fa-chevron-circle-left\"><\/i>\t\t\t<\/span>\n\t\t\t\t\t\t\t\t\t<span class=\"elementor-button-text\">Regresa<\/span>\n\t\t\t\t\t<\/span>\n\t\t\t\t\t<\/a>\n\t\t\t\t<\/div>\n\t\t\t\t\t\t\t\t<\/div>\n\t\t\t\t<\/div>\n\t\t\t\t\t<\/div>\n\t\t<\/div>\n\t\t\t\t<div class=\"elementor-column elementor-col-25 elementor-top-column elementor-element elementor-element-284cbd0\" data-id=\"284cbd0\" data-element_type=\"column\" data-e-type=\"column\">\n\t\t\t<div class=\"elementor-widget-wrap\">\n\t\t\t\t\t\t\t<\/div>\n\t\t<\/div>\n\t\t\t\t\t<\/div>\n\t\t<\/section>\n\t\t\t\t<\/div>\n\t\t","protected":false},"excerpt":{"rendered":"<p>A los pacientes registrados en la Pr\u00e1ctica se les prescribir\u00e1 la medicaci\u00f3n seg\u00fan la necesidad cl\u00ednica. A todos los pacientes nuevos se les preguntar\u00e1 sobre la medicaci\u00f3n actual en el Formulario de Registro de Nuevos Pacientes y en su Cita de Revisi\u00f3n de Nuevos Pacientes. La medicaci\u00f3n ser\u00e1 a\u00f1adida a su expediente por un prescriptor&#8230;<\/p>\n","protected":false},"author":1,"featured_media":0,"parent":0,"menu_order":0,"comment_status":"closed","ping_status":"closed","template":"","meta":{"footnotes":""},"class_list":["post-998497","page","type-page","status-publish","hentry"],"_links":{"self":[{"href":"https:\/\/ovalmedicalcentre.co.uk\/es\/wp-json\/wp\/v2\/pages\/998497","targetHints":{"allow":["GET"]}}],"collection":[{"href":"https:\/\/ovalmedicalcentre.co.uk\/es\/wp-json\/wp\/v2\/pages"}],"about":[{"href":"https:\/\/ovalmedicalcentre.co.uk\/es\/wp-json\/wp\/v2\/types\/page"}],"author":[{"embeddable":true,"href":"https:\/\/ovalmedicalcentre.co.uk\/es\/wp-json\/wp\/v2\/users\/1"}],"replies":[{"embeddable":true,"href":"https:\/\/ovalmedicalcentre.co.uk\/es\/wp-json\/wp\/v2\/comments?post=998497"}],"version-history":[{"count":0,"href":"https:\/\/ovalmedicalcentre.co.uk\/es\/wp-json\/wp\/v2\/pages\/998497\/revisions"}],"wp:attachment":[{"href":"https:\/\/ovalmedicalcentre.co.uk\/es\/wp-json\/wp\/v2\/media?parent=998497"}],"curies":[{"name":"wp","href":"https:\/\/api.w.org\/{rel}","templated":true}]}}