{"id":1001473,"date":"2023-11-10T14:28:19","date_gmt":"2023-11-10T14:28:19","guid":{"rendered":"https:\/\/ovalmedicalcentre.co.uk\/nele-dumpert-ginecologista\/"},"modified":"2023-12-11T15:35:31","modified_gmt":"2023-12-11T15:35:31","slug":"nele-dumpert-ginecologista","status":"publish","type":"page","link":"https:\/\/ovalmedicalcentre.co.uk\/pt-br\/nele-dumpert-ginecologista\/","title":{"rendered":"Nele Dumpert Ginecologista"},"content":{"rendered":"\t\t<div data-elementor-type=\"wp-page\" data-elementor-id=\"1001473\" class=\"elementor elementor-1001473 elementor-1001467\" data-elementor-post-type=\"page\">\n\t\t\t\t\t\t<section class=\"elementor-section elementor-top-section elementor-element elementor-element-4d2978a elementor-section-height-min-height elementor-section-items-stretch elementor-section-boxed elementor-section-height-default\" data-id=\"4d2978a\" data-element_type=\"section\" data-e-type=\"section\" data-settings=\"{&quot;background_background&quot;:&quot;classic&quot;}\">\n\t\t\t\t\t\t<div class=\"elementor-container elementor-column-gap-default\">\n\t\t\t\t\t<div class=\"elementor-column elementor-col-100 elementor-top-column elementor-element elementor-element-dc2fbc2\" data-id=\"dc2fbc2\" data-element_type=\"column\" data-e-type=\"column\" data-settings=\"{&quot;background_background&quot;:&quot;classic&quot;}\">\n\t\t\t<div class=\"elementor-widget-wrap elementor-element-populated\">\n\t\t\t\t\t\t<section class=\"elementor-section elementor-inner-section elementor-element elementor-element-165de90 elementor-section-content-bottom elementor-reverse-mobile elementor-section-boxed elementor-section-height-default elementor-section-height-default\" data-id=\"165de90\" data-element_type=\"section\" data-e-type=\"section\" data-settings=\"{&quot;background_background&quot;:&quot;classic&quot;}\">\n\t\t\t\t\t\t<div class=\"elementor-container elementor-column-gap-default\">\n\t\t\t\t\t<div class=\"elementor-column elementor-col-50 elementor-inner-column elementor-element elementor-element-21c885d\" data-id=\"21c885d\" data-element_type=\"column\" data-e-type=\"column\" data-settings=\"{&quot;background_background&quot;:&quot;classic&quot;}\">\n\t\t\t<div class=\"elementor-widget-wrap elementor-element-populated\">\n\t\t\t\t\t\t<div class=\"elementor-element elementor-element-fc25719 elementor-widget elementor-widget-heading\" data-id=\"fc25719\" data-element_type=\"widget\" data-e-type=\"widget\" data-widget_type=\"heading.default\">\n\t\t\t\t<div class=\"elementor-widget-container\">\n\t\t\t\t\t<h1 class=\"elementor-heading-title elementor-size-default\">Nele Dumpert<\/h1>\t\t\t\t<\/div>\n\t\t\t\t<\/div>\n\t\t\t\t<div class=\"elementor-element elementor-element-1d0fa58 elementor-widget elementor-widget-heading\" data-id=\"1d0fa58\" data-element_type=\"widget\" data-e-type=\"widget\" data-widget_type=\"heading.default\">\n\t\t\t\t<div class=\"elementor-widget-container\">\n\t\t\t\t\t<h4 class=\"elementor-heading-title elementor-size-default\">Ginecologista<\/h4>\t\t\t\t<\/div>\n\t\t\t\t<\/div>\n\t\t\t\t<div class=\"elementor-element elementor-element-afe8889 elementor-hidden-phone elementor-widget-divider--view-line elementor-widget elementor-widget-divider\" data-id=\"afe8889\" data-element_type=\"widget\" data-e-type=\"widget\" data-widget_type=\"divider.default\">\n\t\t\t\t<div class=\"elementor-widget-container\">\n\t\t\t\t\t\t\t<div class=\"elementor-divider\">\n\t\t\t<span class=\"elementor-divider-separator\">\n\t\t\t\t\t\t<\/span>\n\t\t<\/div>\n\t\t\t\t\t\t<\/div>\n\t\t\t\t<\/div>\n\t\t\t\t<div class=\"elementor-element elementor-element-11a9a74 elementor-align-left elementor-mobile-align-center btn-gradient-blue elementor-widget elementor-widget-button\" data-id=\"11a9a74\" data-element_type=\"widget\" data-e-type=\"widget\" data-widget_type=\"button.default\">\n\t\t\t\t<div class=\"elementor-widget-container\">\n\t\t\t\t\t\t\t\t\t<div class=\"elementor-button-wrapper\">\n\t\t\t\t\t<a class=\"elementor-button elementor-button-link elementor-size-sm\" href=\"https:\/\/ovalmedicalcentre.co.uk\/pt-br\/agendar-consulta\/\">\n\t\t\t\t\t\t<span class=\"elementor-button-content-wrapper\">\n\t\t\t\t\t\t<span class=\"elementor-button-icon\">\n\t\t\t\t<i aria-hidden=\"true\" class=\"fas fa-chevron-circle-right\"><\/i>\t\t\t<\/span>\n\t\t\t\t\t\t\t\t\t<span class=\"elementor-button-text\">Agendar Consulta<\/span>\n\t\t\t\t\t<\/span>\n\t\t\t\t\t<\/a>\n\t\t\t\t<\/div>\n\t\t\t\t\t\t\t\t<\/div>\n\t\t\t\t<\/div>\n\t\t\t\t\t<\/div>\n\t\t<\/div>\n\t\t\t\t<div class=\"elementor-column elementor-col-50 elementor-inner-column elementor-element elementor-element-c16644f\" data-id=\"c16644f\" data-element_type=\"column\" data-e-type=\"column\" data-settings=\"{&quot;background_background&quot;:&quot;classic&quot;}\">\n\t\t\t<div class=\"elementor-widget-wrap elementor-element-populated\">\n\t\t\t\t\t<div class=\"elementor-background-overlay\"><\/div>\n\t\t\t\t\t\t<div class=\"elementor-element elementor-element-00f59fa elementor-widget elementor-widget-spacer\" data-id=\"00f59fa\" data-element_type=\"widget\" data-e-type=\"widget\" data-widget_type=\"spacer.default\">\n\t\t\t\t<div class=\"elementor-widget-container\">\n\t\t\t\t\t\t\t<div class=\"elementor-spacer\">\n\t\t\t<div class=\"elementor-spacer-inner\"><\/div>\n\t\t<\/div>\n\t\t\t\t\t\t<\/div>\n\t\t\t\t<\/div>\n\t\t\t\t\t<\/div>\n\t\t<\/div>\n\t\t\t\t\t<\/div>\n\t\t<\/section>\n\t\t\t\t\t<\/div>\n\t\t<\/div>\n\t\t\t\t\t<\/div>\n\t\t<\/section>\n\t\t\t\t<section class=\"elementor-section elementor-top-section elementor-element elementor-element-71fb637 elementor-section-boxed elementor-section-height-default elementor-section-height-default\" data-id=\"71fb637\" data-element_type=\"section\" data-e-type=\"section\">\n\t\t\t\t\t\t<div class=\"elementor-container elementor-column-gap-default\">\n\t\t\t\t\t<div class=\"elementor-column elementor-col-100 elementor-top-column elementor-element elementor-element-6faf67a\" data-id=\"6faf67a\" data-element_type=\"column\" data-e-type=\"column\">\n\t\t\t<div class=\"elementor-widget-wrap elementor-element-populated\">\n\t\t\t\t\t\t<section class=\"elementor-section elementor-inner-section elementor-element elementor-element-c845a9a elementor-reverse-mobile elementor-section-boxed elementor-section-height-default elementor-section-height-default\" data-id=\"c845a9a\" data-element_type=\"section\" data-e-type=\"section\">\n\t\t\t\t\t\t<div class=\"elementor-container elementor-column-gap-default\">\n\t\t\t\t\t<div class=\"elementor-column elementor-col-33 elementor-inner-column elementor-element elementor-element-99851a7 elementor-hidden-phone\" data-id=\"99851a7\" data-element_type=\"column\" data-e-type=\"column\">\n\t\t\t<div class=\"elementor-widget-wrap elementor-element-populated\">\n\t\t\t\t\t\t<div class=\"elementor-element elementor-element-59aa181 elementor-widget__width-auto elementor-hidden-mobile elementor-widget elementor-widget-heading\" data-id=\"59aa181\" data-element_type=\"widget\" data-e-type=\"widget\" data-widget_type=\"heading.default\">\n\t\t\t\t<div class=\"elementor-widget-container\">\n\t\t\t\t\t<h4 class=\"elementor-heading-title elementor-size-default\">Sobre Nele<\/h4>\t\t\t\t<\/div>\n\t\t\t\t<\/div>\n\t\t\t\t\t<\/div>\n\t\t<\/div>\n\t\t\t\t<div class=\"elementor-column elementor-col-33 elementor-inner-column elementor-element elementor-element-91befea\" data-id=\"91befea\" data-element_type=\"column\" data-e-type=\"column\">\n\t\t\t<div class=\"elementor-widget-wrap elementor-element-populated\">\n\t\t\t\t\t\t<div class=\"elementor-element elementor-element-33a8a5f elementor-hidden-desktop elementor-hidden-tablet elementor-view-default elementor-position-block-start elementor-mobile-position-block-start elementor-widget elementor-widget-icon-box\" data-id=\"33a8a5f\" data-element_type=\"widget\" data-e-type=\"widget\" data-widget_type=\"icon-box.default\">\n\t\t\t\t<div class=\"elementor-widget-container\">\n\t\t\t\t\t\t\t\t\t<div  class=\"elementor-icon-box-wrapper\">\n\t\t\t\t\t\t\t\t\t\t<div class=\"elementor-icon-box-icon\">\n\t\t\t\t\t\t<span class=\"elementor-icon elementor-animation-\" >\n\t\t\t\t\t\t<i aria-hidden=\"true\" class=\"fas fa-user-md\"><\/i>\t\t\t\t\t\t<\/span>\n\t\t\t\t\t<\/div>\n\t\t\t\t\t\t\t\t\t\t<div class=\"elementor-icon-box-content\">\n\t\t\t\t\t\t<h4 class=\"elementor-icon-box-title\">\n\t\t\t\t\t\t\t<span >Sobre Nele<\/span>\n\t\t\t\t\t\t<\/h4>\n\t\t\t\t\t\t\t\t\t\t\t<\/div>\n\t\t\t\t<\/div>\n\t\t\t\t\t\t\t\t<\/div>\n\t\t\t\t<\/div>\n\t\t\t\t<div class=\"elementor-element elementor-element-701c71a elementor-widget elementor-widget-text-editor\" data-id=\"701c71a\" data-element_type=\"widget\" data-e-type=\"widget\" data-widget_type=\"text-editor.default\">\n\t\t\t\t<div class=\"elementor-widget-container\">\n\t\t\t\t\t\t\t\t\t<p>Dra. Nele Dumpert \u00e9 uma ginecologista altamente qualificada. Ela nasceu em Frankfurt, Alemanha. Impulsionada por uma profunda experi\u00eancia durante um ano em \u00c1frica, fazendo voluntariado num hospital rural do Zimbabu\u00e9, onde assistiu partos e cuidou de v\u00e1rias mulheres gr\u00e1vidas, descobriu uma paix\u00e3o pela Ginecologia que moldou a sua carreira profissional.<\/p><p>Dedicada \u00e0 sa\u00fade da mulher, a Dra. Dumpert embarcou na sua jornada profissional, qualificando-se como m\u00e9dica na Christian-Albrechts-University em Kiel, Alemanha. Iniciou a sua forma\u00e7\u00e3o em obstetr\u00edcia e ginecologia em 2005 e obteve a qualifica\u00e7\u00e3o completa como ginecologista em 2011. O seu percurso profissional levou-a a diferentes ambientes de sa\u00fade na Alemanha, Su\u00ed\u00e7a, Austr\u00e1lia, Luxemburgo e Reino Unido, abrangendo tanto o NHS como hospitais privados e cl\u00ednicas.<\/p><p>Trabalhando de forma hol\u00edstica, o Dra. Dumpert se concentra nas condi\u00e7\u00f5es hormonais, oferecendo atendimento abrangente para quest\u00f5es como irregularidades menstruais, s\u00edndrome dos ov\u00e1rios polic\u00edsticos (SOP), perimenopausa\/menopausa, acne hormonal, s\u00edndrome pr\u00e9-menstrual (TPM) e endometriose. Sua abordagem combina orienta\u00e7\u00e3o diet\u00e9tica, mudan\u00e7as no estilo de vida, suplementos e medicamentos prescritos, incluindo terapia de reposi\u00e7\u00e3o hormonal (TRH) id\u00eantica ao corpo. Al\u00e9m disso, a Dra. Dumpert oferece cuidados no in\u00edcio da gravidez, incluindo ultrassonografia, aconselhamento contraceptivo e realiza procedimentos como inser\u00e7\u00e3o e remo\u00e7\u00e3o de implantes e dispositivos intrauterinos (DIU).<\/p><p>A Dra. Dumpert encontra motiva\u00e7\u00e3o ao testemunhar pacientes se tornando fortalecidos, saud\u00e1veis e confiantes em seus corpos. Tendo experimentado pessoalmente os desafios do aborto espont\u00e2neo, ela conhece o valor dos cuidados personalizados no in\u00edcio da gravidez e do aconselhamento pr\u00e9-gravidez, com o objetivo de apoiar os indiv\u00edduos nas suas jornadas reprodutivas \u00fanicas.<\/p><p>Membro ilustre de v\u00e1rias organiza\u00e7\u00f5es de sa\u00fade, incluindo FSRH, FEMM Health, NFPTA, BMS e BSCCP, a Dra. Dumpert recebeu o pr\u00eamio Oxleas Excellence in Medical Education em 2022, demonstrando sua dedica\u00e7\u00e3o \u00e0 educa\u00e7\u00e3o m\u00e9dica.<\/p><p>Dra. Dumpert ocupa um importante cargo de Consultor do NHS no Oxleas NHS Trust e trabalha adicionalmente como Consultor em Colposcopia no Homerton Hospital.<\/p><p>A t\u00edtulo pessoal, o Dra. Dumpert valoriza o tempo na natureza, gosta de jardinagem, aprecia cozinhar e valoriza os momentos com amigos e fam\u00edlia. Apaixonada pelo desenho, ela equilibra excel\u00eancia profissional com interesses pessoais. Casado e com tr\u00eas filhos pequenos, a Dra. Dumpert incorpora uma abordagem hol\u00edstica da vida dentro e fora do dom\u00ednio m\u00e9dico.<\/p>\t\t\t\t\t\t\t\t<\/div>\n\t\t\t\t<\/div>\n\t\t\t\t\t<\/div>\n\t\t<\/div>\n\t\t\t\t<div class=\"elementor-column elementor-col-33 elementor-inner-column elementor-element elementor-element-7fd0c27\" data-id=\"7fd0c27\" data-element_type=\"column\" data-e-type=\"column\">\n\t\t\t<div class=\"elementor-widget-wrap elementor-element-populated\">\n\t\t\t\t\t\t<div class=\"elementor-element elementor-element-9992e92 elementor-view-default elementor-position-block-start elementor-mobile-position-block-start elementor-widget elementor-widget-icon-box\" data-id=\"9992e92\" data-element_type=\"widget\" data-e-type=\"widget\" data-widget_type=\"icon-box.default\">\n\t\t\t\t<div class=\"elementor-widget-container\">\n\t\t\t\t\t\t\t\t\t<div  class=\"elementor-icon-box-wrapper\">\n\t\t\t\t\t\t\t\t\t\t<div class=\"elementor-icon-box-icon\">\n\t\t\t\t\t\t<span class=\"elementor-icon elementor-animation-\" >\n\t\t\t\t\t\t<i aria-hidden=\"true\" class=\"fas fa-language\"><\/i>\t\t\t\t\t\t<\/span>\n\t\t\t\t\t<\/div>\n\t\t\t\t\t\t\t\t\t\t<div class=\"elementor-icon-box-content\">\n\t\t\t\t\t\t<h4 class=\"elementor-icon-box-title\">\n\t\t\t\t\t\t\t<span >Idiomas<\/span>\n\t\t\t\t\t\t<\/h4>\n\t\t\t\t\t\t\t\t\t\t\t\t<p class=\"elementor-icon-box-description\">. Ingl\u00eas <br\/>\n. Alem\u00e3o  <br\/>\n. Espanhol  <br\/>\n. Franc\u00eas  <br\/>\n. Compreens\u00e3o do Portugu\u00eas<\/p>\n\t\t\t\t\t\t\t\t\t\t\t<\/div>\n\t\t\t\t<\/div>\n\t\t\t\t\t\t\t\t<\/div>\n\t\t\t\t<\/div>\n\t\t\t\t\t<\/div>\n\t\t<\/div>\n\t\t\t\t\t<\/div>\n\t\t<\/section>\n\t\t\t\t\t<\/div>\n\t\t<\/div>\n\t\t\t\t\t<\/div>\n\t\t<\/section>\n\t\t\t\t<\/div>\n\t\t","protected":false},"excerpt":{"rendered":"<p>Nele Dumpert Ginecologista Agendar Consulta Sobre Nele Sobre Nele Dra. Nele Dumpert \u00e9 uma ginecologista altamente qualificada. Ela nasceu em Frankfurt, Alemanha. Impulsionada por uma profunda experi\u00eancia durante um ano em \u00c1frica, fazendo voluntariado num hospital rural do Zimbabu\u00e9, onde assistiu partos e cuidou de v\u00e1rias mulheres gr\u00e1vidas, descobriu uma paix\u00e3o pela Ginecologia que moldou&#8230;<\/p>\n","protected":false},"author":1,"featured_media":0,"parent":0,"menu_order":0,"comment_status":"closed","ping_status":"closed","template":"","meta":{"footnotes":""},"class_list":["post-1001473","page","type-page","status-publish","hentry"],"_links":{"self":[{"href":"https:\/\/ovalmedicalcentre.co.uk\/pt-br\/wp-json\/wp\/v2\/pages\/1001473","targetHints":{"allow":["GET"]}}],"collection":[{"href":"https:\/\/ovalmedicalcentre.co.uk\/pt-br\/wp-json\/wp\/v2\/pages"}],"about":[{"href":"https:\/\/ovalmedicalcentre.co.uk\/pt-br\/wp-json\/wp\/v2\/types\/page"}],"author":[{"embeddable":true,"href":"https:\/\/ovalmedicalcentre.co.uk\/pt-br\/wp-json\/wp\/v2\/users\/1"}],"replies":[{"embeddable":true,"href":"https:\/\/ovalmedicalcentre.co.uk\/pt-br\/wp-json\/wp\/v2\/comments?post=1001473"}],"version-history":[{"count":7,"href":"https:\/\/ovalmedicalcentre.co.uk\/pt-br\/wp-json\/wp\/v2\/pages\/1001473\/revisions"}],"predecessor-version":[{"id":1001990,"href":"https:\/\/ovalmedicalcentre.co.uk\/pt-br\/wp-json\/wp\/v2\/pages\/1001473\/revisions\/1001990"}],"wp:attachment":[{"href":"https:\/\/ovalmedicalcentre.co.uk\/pt-br\/wp-json\/wp\/v2\/media?parent=1001473"}],"curies":[{"name":"wp","href":"https:\/\/api.w.org\/{rel}","templated":true}]}}