{"id":1004417,"date":"2024-08-29T18:24:35","date_gmt":"2024-08-29T17:24:35","guid":{"rendered":"https:\/\/ovalmedicalcentre.co.uk\/dr-barbara-marinho-clinica-geral\/"},"modified":"2024-08-30T10:01:40","modified_gmt":"2024-08-30T09:01:40","slug":"dr-barbara-marinho-clinica-geral","status":"publish","type":"page","link":"https:\/\/ovalmedicalcentre.co.uk\/pt-br\/dr-barbara-marinho-clinica-geral\/","title":{"rendered":"Dr Barbara Marinho Cl\u00ednica Geral"},"content":{"rendered":"\t\t<div data-elementor-type=\"wp-page\" data-elementor-id=\"1004417\" class=\"elementor elementor-1004417 elementor-1004410\" data-elementor-post-type=\"page\">\n\t\t\t\t\t\t<section class=\"elementor-section elementor-top-section elementor-element elementor-element-67e8477 elementor-section-height-min-height elementor-section-items-stretch elementor-section-boxed elementor-section-height-default\" data-id=\"67e8477\" data-element_type=\"section\" data-e-type=\"section\" data-settings=\"{&quot;background_background&quot;:&quot;classic&quot;}\">\n\t\t\t\t\t\t<div class=\"elementor-container elementor-column-gap-default\">\n\t\t\t\t\t<div class=\"elementor-column elementor-col-100 elementor-top-column elementor-element elementor-element-5064b97\" data-id=\"5064b97\" data-element_type=\"column\" data-e-type=\"column\" data-settings=\"{&quot;background_background&quot;:&quot;classic&quot;}\">\n\t\t\t<div class=\"elementor-widget-wrap elementor-element-populated\">\n\t\t\t\t\t\t<section class=\"elementor-section elementor-inner-section elementor-element elementor-element-546d34c elementor-section-content-bottom elementor-reverse-mobile elementor-section-boxed elementor-section-height-default elementor-section-height-default\" data-id=\"546d34c\" data-element_type=\"section\" data-e-type=\"section\" data-settings=\"{&quot;background_background&quot;:&quot;classic&quot;}\">\n\t\t\t\t\t\t<div class=\"elementor-container elementor-column-gap-default\">\n\t\t\t\t\t<div class=\"elementor-column elementor-col-50 elementor-inner-column elementor-element elementor-element-c2d6cb8\" data-id=\"c2d6cb8\" data-element_type=\"column\" data-e-type=\"column\" data-settings=\"{&quot;background_background&quot;:&quot;classic&quot;}\">\n\t\t\t<div class=\"elementor-widget-wrap elementor-element-populated\">\n\t\t\t\t\t\t<div class=\"elementor-element elementor-element-472cb1a elementor-widget elementor-widget-heading\" data-id=\"472cb1a\" data-element_type=\"widget\" data-e-type=\"widget\" data-widget_type=\"heading.default\">\n\t\t\t\t<div class=\"elementor-widget-container\">\n\t\t\t\t\t<h1 class=\"elementor-heading-title elementor-size-default\">Barbara Marinho<\/h1>\t\t\t\t<\/div>\n\t\t\t\t<\/div>\n\t\t\t\t<div class=\"elementor-element elementor-element-63f8dfc elementor-widget elementor-widget-heading\" data-id=\"63f8dfc\" data-element_type=\"widget\" data-e-type=\"widget\" data-widget_type=\"heading.default\">\n\t\t\t\t<div class=\"elementor-widget-container\">\n\t\t\t\t\t<h4 class=\"elementor-heading-title elementor-size-default\">Cl\u00ednica Geral<\/h4>\t\t\t\t<\/div>\n\t\t\t\t<\/div>\n\t\t\t\t<div class=\"elementor-element elementor-element-2ea1021 elementor-hidden-phone elementor-widget-divider--view-line elementor-widget elementor-widget-divider\" data-id=\"2ea1021\" data-element_type=\"widget\" data-e-type=\"widget\" data-widget_type=\"divider.default\">\n\t\t\t\t<div class=\"elementor-widget-container\">\n\t\t\t\t\t\t\t<div class=\"elementor-divider\">\n\t\t\t<span class=\"elementor-divider-separator\">\n\t\t\t\t\t\t<\/span>\n\t\t<\/div>\n\t\t\t\t\t\t<\/div>\n\t\t\t\t<\/div>\n\t\t\t\t<div class=\"elementor-element elementor-element-a7321dd elementor-align-left elementor-mobile-align-center btn-gradient-blue elementor-hidden-mobile elementor-widget elementor-widget-button\" data-id=\"a7321dd\" data-element_type=\"widget\" data-e-type=\"widget\" data-widget_type=\"button.default\">\n\t\t\t\t<div class=\"elementor-widget-container\">\n\t\t\t\t\t\t\t\t\t<div class=\"elementor-button-wrapper\">\n\t\t\t\t\t<a class=\"elementor-button elementor-button-link elementor-size-sm\" href=\"https:\/\/ovalmedicalcentre.co.uk\/pt-br\/agendar-consulta\/\">\n\t\t\t\t\t\t<span class=\"elementor-button-content-wrapper\">\n\t\t\t\t\t\t<span class=\"elementor-button-icon\">\n\t\t\t\t<i aria-hidden=\"true\" class=\"fas fa-chevron-circle-right\"><\/i>\t\t\t<\/span>\n\t\t\t\t\t\t\t\t\t<span class=\"elementor-button-text\">Agendar Consulta<\/span>\n\t\t\t\t\t<\/span>\n\t\t\t\t\t<\/a>\n\t\t\t\t<\/div>\n\t\t\t\t\t\t\t\t<\/div>\n\t\t\t\t<\/div>\n\t\t\t\t\t<\/div>\n\t\t<\/div>\n\t\t\t\t<div class=\"elementor-column elementor-col-50 elementor-inner-column elementor-element elementor-element-9e42c82\" data-id=\"9e42c82\" data-element_type=\"column\" data-e-type=\"column\" data-settings=\"{&quot;background_background&quot;:&quot;classic&quot;}\">\n\t\t\t<div class=\"elementor-widget-wrap elementor-element-populated\">\n\t\t\t\t\t<div class=\"elementor-background-overlay\"><\/div>\n\t\t\t\t\t\t<div class=\"elementor-element elementor-element-4b9efce elementor-widget elementor-widget-spacer\" data-id=\"4b9efce\" data-element_type=\"widget\" data-e-type=\"widget\" data-widget_type=\"spacer.default\">\n\t\t\t\t<div class=\"elementor-widget-container\">\n\t\t\t\t\t\t\t<div class=\"elementor-spacer\">\n\t\t\t<div class=\"elementor-spacer-inner\"><\/div>\n\t\t<\/div>\n\t\t\t\t\t\t<\/div>\n\t\t\t\t<\/div>\n\t\t\t\t\t<\/div>\n\t\t<\/div>\n\t\t\t\t\t<\/div>\n\t\t<\/section>\n\t\t\t\t\t<\/div>\n\t\t<\/div>\n\t\t\t\t\t<\/div>\n\t\t<\/section>\n\t\t\t\t<section class=\"elementor-section elementor-top-section elementor-element elementor-element-a4fa054 elementor-section-boxed elementor-section-height-default elementor-section-height-default\" data-id=\"a4fa054\" data-element_type=\"section\" data-e-type=\"section\">\n\t\t\t\t\t\t<div class=\"elementor-container elementor-column-gap-default\">\n\t\t\t\t\t<div class=\"elementor-column elementor-col-100 elementor-top-column elementor-element elementor-element-a8570de\" data-id=\"a8570de\" data-element_type=\"column\" data-e-type=\"column\">\n\t\t\t<div class=\"elementor-widget-wrap elementor-element-populated\">\n\t\t\t\t\t\t<section class=\"elementor-section elementor-inner-section elementor-element elementor-element-82865f1 elementor-reverse-mobile elementor-section-boxed elementor-section-height-default elementor-section-height-default\" data-id=\"82865f1\" data-element_type=\"section\" data-e-type=\"section\">\n\t\t\t\t\t\t<div class=\"elementor-container elementor-column-gap-default\">\n\t\t\t\t\t<div class=\"elementor-column elementor-col-33 elementor-inner-column elementor-element elementor-element-b7132f3 elementor-hidden-phone\" data-id=\"b7132f3\" data-element_type=\"column\" data-e-type=\"column\">\n\t\t\t<div class=\"elementor-widget-wrap elementor-element-populated\">\n\t\t\t\t\t\t<div class=\"elementor-element elementor-element-103a464 elementor-widget__width-auto elementor-hidden-mobile elementor-widget elementor-widget-heading\" data-id=\"103a464\" data-element_type=\"widget\" data-e-type=\"widget\" data-widget_type=\"heading.default\">\n\t\t\t\t<div class=\"elementor-widget-container\">\n\t\t\t\t\t<h4 class=\"elementor-heading-title elementor-size-default\">Sobre Dra. Barbara<\/h4>\t\t\t\t<\/div>\n\t\t\t\t<\/div>\n\t\t\t\t\t<\/div>\n\t\t<\/div>\n\t\t\t\t<div class=\"elementor-column elementor-col-33 elementor-inner-column elementor-element elementor-element-baed4e3\" data-id=\"baed4e3\" data-element_type=\"column\" data-e-type=\"column\">\n\t\t\t<div class=\"elementor-widget-wrap elementor-element-populated\">\n\t\t\t\t\t\t<div class=\"elementor-element elementor-element-43ff61d elementor-hidden-desktop elementor-hidden-tablet elementor-view-default elementor-position-block-start elementor-mobile-position-block-start elementor-widget elementor-widget-icon-box\" data-id=\"43ff61d\" data-element_type=\"widget\" data-e-type=\"widget\" data-widget_type=\"icon-box.default\">\n\t\t\t\t<div class=\"elementor-widget-container\">\n\t\t\t\t\t\t\t\t\t<div  class=\"elementor-icon-box-wrapper\">\n\t\t\t\t\t\t\t\t\t\t<div class=\"elementor-icon-box-icon\">\n\t\t\t\t\t\t<span class=\"elementor-icon elementor-animation-\" >\n\t\t\t\t\t\t<i aria-hidden=\"true\" class=\"fas fa-user-md\"><\/i>\t\t\t\t\t\t<\/span>\n\t\t\t\t\t<\/div>\n\t\t\t\t\t\t\t\t\t\t<div class=\"elementor-icon-box-content\">\n\t\t\t\t\t\t<h4 class=\"elementor-icon-box-title\">\n\t\t\t\t\t\t\t<span >Sobre Dra. Barbara<\/span>\n\t\t\t\t\t\t<\/h4>\n\t\t\t\t\t\t\t\t\t\t\t<\/div>\n\t\t\t\t<\/div>\n\t\t\t\t\t\t\t\t<\/div>\n\t\t\t\t<\/div>\n\t\t\t\t<div class=\"elementor-element elementor-element-43c76b7 elementor-widget elementor-widget-text-editor\" data-id=\"43c76b7\" data-element_type=\"widget\" data-e-type=\"widget\" data-widget_type=\"text-editor.default\">\n\t\t\t\t<div class=\"elementor-widget-container\">\n\t\t\t\t\t\t\t\t\t<p>A Dra. Barbara Marinho nasceu em Natal, Brasil, e \u00e9 fluente em portugu\u00eas, espanhol e ingl\u00eas. Movida por um profundo desejo de causar um impacto positivo na vida das pessoas, ela seguiu uma carreira na medicina. Nos \u00faltimos cinco anos, a Dra. Barbara se estabeleceu como uma profissional de sa\u00fade dedicada, com uma forma\u00e7\u00e3o diversificada em educa\u00e7\u00e3o m\u00e9dica e pr\u00e1tica cl\u00ednica.<\/p>\n<p>A Dra. Barbara se formou em medicina na Universidade Potiguar, em Natal. Sua trajet\u00f3ria acad\u00eamica \u00e9 marcada pela conclus\u00e3o de dois cursos intercalados\u2014um em Ci\u00eancias Biom\u00e9dicas na Queen Mary University of London (2016) e outro na Universidad CEU San Pablo de Madrid. Sua busca pela excel\u00eancia a levou a realizar estudos de p\u00f3s-gradua\u00e7\u00e3o, incluindo Princ\u00edpios e Pr\u00e1tica da Pesquisa Cl\u00ednica na Harvard University (2020), um MBA na Quantic School of Business and Technology (2024) e um diploma em Lideran\u00e7a e Gest\u00e3o em Sa\u00fade na University of Brighton (2024). A Dra. Barbara tamb\u00e9m concluiu a Bolsa de Lideran\u00e7a e Educa\u00e7\u00e3o do NHS em Sa\u00fade Global no Queen Victoria Hospital NHS Foundation Trust em 2024.<\/p>\n<p>Ao longo de sua carreira, a Dra. Barbara trabalhou em diversos ambientes de sa\u00fade, incluindo Aten\u00e7\u00e3o Prim\u00e1ria, consult\u00f3rios de Cl\u00ednicos Gerais, Departamentos de Emerg\u00eancia em hospitais p\u00fablicos e privados, e como Sub-Investigadora Cl\u00ednica na Universidade de Oxford. Seu compromisso com a sa\u00fade global \u00e9 evidente em seu papel no Departamento de Prepara\u00e7\u00e3o para Emerg\u00eancias e Al\u00edvio de Desastres da Organiza\u00e7\u00e3o Mundial da Sa\u00fade em Washington, DC, e como bolsista no prestigiado curso de Princ\u00edpios de Medicina Aeroespacial no NASA Johnson Space Center.<\/p>\n<p>No Reino Unido, a Dra. Barbara atuou como L\u00edder de Pesquisa no Queen Victoria Hospital NHS Foundation Trust e como Gerente de Qualidade e Governan\u00e7a na DMC Healthcare. Sua expertise em governan\u00e7a cl\u00ednica garantiu os mais altos padr\u00f5es de atendimento em v\u00e1rios Trusts do NHS.<\/p>\n<p>A Dra. Barbara se concentra em condi\u00e7\u00f5es gerais comuns, incluindo hipertens\u00e3o, diabetes mellitus, dislipidemia, infec\u00e7\u00f5es respirat\u00f3rias e doen\u00e7as cardiovasculares, entre outras. Sua abordagem ao cuidado dos pacientes prioriza a comunica\u00e7\u00e3o detalhada, garantindo que os pacientes se sintam informados, ouvidos e valorizados.<\/p>\n<p>Al\u00e9m de seu trabalho cl\u00ednico, a Dra. Barbara \u00e9 membro ativo da Sociedade Brasileira de Medicina de Fam\u00edlia e Comunidade e recebeu diversos pr\u00eamios, incluindo a Bolsa L\u00edder Estudar e a Bolsa Internacional de Pesquisa Cl\u00ednica Colaborativa da Harvard University.<\/p>\n<p>Fora do trabalho, a Dra. Barbara \u00e9 apaixonada por educa\u00e7\u00e3o, neg\u00f3cios e governan\u00e7a, e gosta de jogar v\u00f4lei e t\u00eanis, tendo competido em campeonatos universit\u00e1rios em Madrid. Sua dedica\u00e7\u00e3o \u00e0 medicina \u00e9 profundamente pessoal, motivada pelo compromisso de honrar a mem\u00f3ria de sua falecida irm\u00e3, proporcionando o melhor cuidado poss\u00edvel aos seus pacientes.<\/p>\n\t\t\t\t\t\t\t\t<\/div>\n\t\t\t\t<\/div>\n\t\t\t\t\t<\/div>\n\t\t<\/div>\n\t\t\t\t<div class=\"elementor-column elementor-col-33 elementor-inner-column elementor-element elementor-element-f22ec9e\" data-id=\"f22ec9e\" data-element_type=\"column\" data-e-type=\"column\">\n\t\t\t<div class=\"elementor-widget-wrap elementor-element-populated\">\n\t\t\t\t\t\t<div class=\"elementor-element elementor-element-983d4e5 elementor-view-default elementor-position-block-start elementor-mobile-position-block-start elementor-widget elementor-widget-icon-box\" data-id=\"983d4e5\" data-element_type=\"widget\" data-e-type=\"widget\" data-widget_type=\"icon-box.default\">\n\t\t\t\t<div class=\"elementor-widget-container\">\n\t\t\t\t\t\t\t\t\t<div  class=\"elementor-icon-box-wrapper\">\n\t\t\t\t\t\t\t\t\t\t<div class=\"elementor-icon-box-icon\">\n\t\t\t\t\t\t<span class=\"elementor-icon elementor-animation-\" >\n\t\t\t\t\t\t<i aria-hidden=\"true\" class=\"fas fa-language\"><\/i>\t\t\t\t\t\t<\/span>\n\t\t\t\t\t<\/div>\n\t\t\t\t\t\t\t\t\t\t<div class=\"elementor-icon-box-content\">\n\t\t\t\t\t\t<h4 class=\"elementor-icon-box-title\">\n\t\t\t\t\t\t\t<span >Idiomas<\/span>\n\t\t\t\t\t\t<\/h4>\n\t\t\t\t\t\t\t\t\t\t\t\t<p class=\"elementor-icon-box-description\">. Ingl\u00eas<br\/>\r\n. Portugu\u00eas<br\/>\r\n. Espanhol<\/p>\n\t\t\t\t\t\t\t\t\t\t\t<\/div>\n\t\t\t\t<\/div>\n\t\t\t\t\t\t\t\t<\/div>\n\t\t\t\t<\/div>\n\t\t\t\t\t<\/div>\n\t\t<\/div>\n\t\t\t\t\t<\/div>\n\t\t<\/section>\n\t\t\t\t\t<\/div>\n\t\t<\/div>\n\t\t\t\t\t<\/div>\n\t\t<\/section>\n\t\t\t\t<\/div>\n\t\t","protected":false},"excerpt":{"rendered":"<p>Barbara Marinho Cl\u00ednica Geral Agendar Consulta Sobre Dra. Barbara Sobre Dra. Barbara A Dra. Barbara Marinho nasceu em Natal, Brasil, e \u00e9 fluente em portugu\u00eas, espanhol e ingl\u00eas. Movida por um profundo desejo de causar um impacto positivo na vida das pessoas, ela seguiu uma carreira na medicina. Nos \u00faltimos cinco anos, a Dra. Barbara&#8230;<\/p>\n","protected":false},"author":1,"featured_media":0,"parent":0,"menu_order":0,"comment_status":"closed","ping_status":"closed","template":"","meta":{"footnotes":""},"class_list":["post-1004417","page","type-page","status-publish","hentry"],"_links":{"self":[{"href":"https:\/\/ovalmedicalcentre.co.uk\/pt-br\/wp-json\/wp\/v2\/pages\/1004417","targetHints":{"allow":["GET"]}}],"collection":[{"href":"https:\/\/ovalmedicalcentre.co.uk\/pt-br\/wp-json\/wp\/v2\/pages"}],"about":[{"href":"https:\/\/ovalmedicalcentre.co.uk\/pt-br\/wp-json\/wp\/v2\/types\/page"}],"author":[{"embeddable":true,"href":"https:\/\/ovalmedicalcentre.co.uk\/pt-br\/wp-json\/wp\/v2\/users\/1"}],"replies":[{"embeddable":true,"href":"https:\/\/ovalmedicalcentre.co.uk\/pt-br\/wp-json\/wp\/v2\/comments?post=1004417"}],"version-history":[{"count":1,"href":"https:\/\/ovalmedicalcentre.co.uk\/pt-br\/wp-json\/wp\/v2\/pages\/1004417\/revisions"}],"predecessor-version":[{"id":1004418,"href":"https:\/\/ovalmedicalcentre.co.uk\/pt-br\/wp-json\/wp\/v2\/pages\/1004417\/revisions\/1004418"}],"wp:attachment":[{"href":"https:\/\/ovalmedicalcentre.co.uk\/pt-br\/wp-json\/wp\/v2\/media?parent=1004417"}],"curies":[{"name":"wp","href":"https:\/\/api.w.org\/{rel}","templated":true}]}}