{"id":1007121,"date":"2026-02-26T15:45:51","date_gmt":"2026-02-26T15:45:51","guid":{"rendered":"https:\/\/ovalmedicalcentre.co.uk\/joana-da-silva-fonoaudiologa\/"},"modified":"2026-02-26T16:11:36","modified_gmt":"2026-02-26T16:11:36","slug":"joana-da-silva-fonoaudiologa","status":"publish","type":"page","link":"https:\/\/ovalmedicalcentre.co.uk\/pt-br\/joana-da-silva-fonoaudiologa\/","title":{"rendered":"Joana da Silva Fonoaudi\u00f3loga"},"content":{"rendered":"\t\t<div data-elementor-type=\"wp-page\" data-elementor-id=\"1007121\" class=\"elementor elementor-1007121 elementor-1007093\" data-elementor-post-type=\"page\">\n\t\t\t\t\t\t<section class=\"elementor-section elementor-top-section elementor-element elementor-element-04cb439 elementor-section-height-min-height elementor-section-items-stretch elementor-section-boxed elementor-section-height-default\" data-id=\"04cb439\" data-element_type=\"section\" data-e-type=\"section\" data-settings=\"{&quot;background_background&quot;:&quot;classic&quot;}\">\n\t\t\t\t\t\t<div class=\"elementor-container elementor-column-gap-default\">\n\t\t\t\t\t<div class=\"elementor-column elementor-col-100 elementor-top-column elementor-element elementor-element-1710fb5\" data-id=\"1710fb5\" data-element_type=\"column\" data-e-type=\"column\" data-settings=\"{&quot;background_background&quot;:&quot;classic&quot;}\">\n\t\t\t<div class=\"elementor-widget-wrap elementor-element-populated\">\n\t\t\t\t\t\t<section class=\"elementor-section elementor-inner-section elementor-element elementor-element-b059cb4 elementor-section-content-bottom elementor-reverse-mobile elementor-section-boxed elementor-section-height-default elementor-section-height-default\" data-id=\"b059cb4\" data-element_type=\"section\" data-e-type=\"section\" data-settings=\"{&quot;background_background&quot;:&quot;classic&quot;}\">\n\t\t\t\t\t\t<div class=\"elementor-container elementor-column-gap-default\">\n\t\t\t\t\t<div class=\"elementor-column elementor-col-50 elementor-inner-column elementor-element elementor-element-bbb5ce3\" data-id=\"bbb5ce3\" data-element_type=\"column\" data-e-type=\"column\" data-settings=\"{&quot;background_background&quot;:&quot;classic&quot;}\">\n\t\t\t<div class=\"elementor-widget-wrap elementor-element-populated\">\n\t\t\t\t\t\t<div class=\"elementor-element elementor-element-997c472 elementor-widget elementor-widget-heading\" data-id=\"997c472\" data-element_type=\"widget\" data-e-type=\"widget\" data-widget_type=\"heading.default\">\n\t\t\t\t<div class=\"elementor-widget-container\">\n\t\t\t\t\t<h1 class=\"elementor-heading-title elementor-size-default\">Joana da Silva<\/h1>\t\t\t\t<\/div>\n\t\t\t\t<\/div>\n\t\t\t\t<div class=\"elementor-element elementor-element-a442ed0 elementor-widget elementor-widget-heading\" data-id=\"a442ed0\" data-element_type=\"widget\" data-e-type=\"widget\" data-widget_type=\"heading.default\">\n\t\t\t\t<div class=\"elementor-widget-container\">\n\t\t\t\t\t<h4 class=\"elementor-heading-title elementor-size-default\">Fonoaudi\u00f3loga<\/h4>\t\t\t\t<\/div>\n\t\t\t\t<\/div>\n\t\t\t\t<div class=\"elementor-element elementor-element-0575bc7 elementor-hidden-phone elementor-widget-divider--view-line elementor-widget elementor-widget-divider\" data-id=\"0575bc7\" data-element_type=\"widget\" data-e-type=\"widget\" data-widget_type=\"divider.default\">\n\t\t\t\t<div class=\"elementor-widget-container\">\n\t\t\t\t\t\t\t<div class=\"elementor-divider\">\n\t\t\t<span class=\"elementor-divider-separator\">\n\t\t\t\t\t\t<\/span>\n\t\t<\/div>\n\t\t\t\t\t\t<\/div>\n\t\t\t\t<\/div>\n\t\t\t\t<div class=\"elementor-element elementor-element-a0e7720 elementor-align-left elementor-mobile-align-center btn-gradient-blue elementor-widget elementor-widget-button\" data-id=\"a0e7720\" data-element_type=\"widget\" data-e-type=\"widget\" data-widget_type=\"button.default\">\n\t\t\t\t<div class=\"elementor-widget-container\">\n\t\t\t\t\t\t\t\t\t<div class=\"elementor-button-wrapper\">\n\t\t\t\t\t<a class=\"elementor-button elementor-button-link elementor-size-sm\" href=\"https:\/\/ovalmedicalcentre.co.uk\/pt-br\/agendar-consulta\/\">\n\t\t\t\t\t\t<span class=\"elementor-button-content-wrapper\">\n\t\t\t\t\t\t<span class=\"elementor-button-icon\">\n\t\t\t\t<i aria-hidden=\"true\" class=\"fas fa-chevron-circle-right\"><\/i>\t\t\t<\/span>\n\t\t\t\t\t\t\t\t\t<span class=\"elementor-button-text\">Agendar Consulta<\/span>\n\t\t\t\t\t<\/span>\n\t\t\t\t\t<\/a>\n\t\t\t\t<\/div>\n\t\t\t\t\t\t\t\t<\/div>\n\t\t\t\t<\/div>\n\t\t\t\t\t<\/div>\n\t\t<\/div>\n\t\t\t\t<div class=\"elementor-column elementor-col-50 elementor-inner-column elementor-element elementor-element-01afed4\" data-id=\"01afed4\" data-element_type=\"column\" data-e-type=\"column\" data-settings=\"{&quot;background_background&quot;:&quot;classic&quot;}\">\n\t\t\t<div class=\"elementor-widget-wrap elementor-element-populated\">\n\t\t\t\t\t<div class=\"elementor-background-overlay\"><\/div>\n\t\t\t\t\t\t<div class=\"elementor-element elementor-element-67864b8 elementor-widget elementor-widget-spacer\" data-id=\"67864b8\" data-element_type=\"widget\" data-e-type=\"widget\" data-widget_type=\"spacer.default\">\n\t\t\t\t<div class=\"elementor-widget-container\">\n\t\t\t\t\t\t\t<div class=\"elementor-spacer\">\n\t\t\t<div class=\"elementor-spacer-inner\"><\/div>\n\t\t<\/div>\n\t\t\t\t\t\t<\/div>\n\t\t\t\t<\/div>\n\t\t\t\t\t<\/div>\n\t\t<\/div>\n\t\t\t\t\t<\/div>\n\t\t<\/section>\n\t\t\t\t\t<\/div>\n\t\t<\/div>\n\t\t\t\t\t<\/div>\n\t\t<\/section>\n\t\t\t\t<section class=\"elementor-section elementor-top-section elementor-element elementor-element-8b114b9 elementor-section-boxed elementor-section-height-default elementor-section-height-default\" data-id=\"8b114b9\" data-element_type=\"section\" data-e-type=\"section\">\n\t\t\t\t\t\t<div class=\"elementor-container elementor-column-gap-default\">\n\t\t\t\t\t<div class=\"elementor-column elementor-col-100 elementor-top-column elementor-element elementor-element-6973e0b\" data-id=\"6973e0b\" data-element_type=\"column\" data-e-type=\"column\">\n\t\t\t<div class=\"elementor-widget-wrap elementor-element-populated\">\n\t\t\t\t\t\t<section class=\"elementor-section elementor-inner-section elementor-element elementor-element-d2ec266 elementor-reverse-mobile elementor-section-boxed elementor-section-height-default elementor-section-height-default\" data-id=\"d2ec266\" data-element_type=\"section\" data-e-type=\"section\">\n\t\t\t\t\t\t<div class=\"elementor-container elementor-column-gap-default\">\n\t\t\t\t\t<div class=\"elementor-column elementor-col-33 elementor-inner-column elementor-element elementor-element-cf8200e elementor-hidden-phone\" data-id=\"cf8200e\" data-element_type=\"column\" data-e-type=\"column\">\n\t\t\t<div class=\"elementor-widget-wrap elementor-element-populated\">\n\t\t\t\t\t\t<div class=\"elementor-element elementor-element-7cca0cc elementor-widget__width-auto elementor-hidden-mobile elementor-widget elementor-widget-heading\" data-id=\"7cca0cc\" data-element_type=\"widget\" data-e-type=\"widget\" data-widget_type=\"heading.default\">\n\t\t\t\t<div class=\"elementor-widget-container\">\n\t\t\t\t\t<h4 class=\"elementor-heading-title elementor-size-default\">Sobre Silva<\/h4>\t\t\t\t<\/div>\n\t\t\t\t<\/div>\n\t\t\t\t\t<\/div>\n\t\t<\/div>\n\t\t\t\t<div class=\"elementor-column elementor-col-33 elementor-inner-column elementor-element elementor-element-3dbd4f1\" data-id=\"3dbd4f1\" data-element_type=\"column\" data-e-type=\"column\">\n\t\t\t<div class=\"elementor-widget-wrap elementor-element-populated\">\n\t\t\t\t\t\t<div class=\"elementor-element elementor-element-6b896e5 elementor-hidden-desktop elementor-hidden-tablet elementor-view-default elementor-position-block-start elementor-mobile-position-block-start elementor-widget elementor-widget-icon-box\" data-id=\"6b896e5\" data-element_type=\"widget\" data-e-type=\"widget\" data-widget_type=\"icon-box.default\">\n\t\t\t\t<div class=\"elementor-widget-container\">\n\t\t\t\t\t\t\t\t\t<div  class=\"elementor-icon-box-wrapper\">\n\t\t\t\t\t\t\t\t\t\t<div class=\"elementor-icon-box-icon\">\n\t\t\t\t\t\t<span class=\"elementor-icon elementor-animation-\" >\n\t\t\t\t\t\t<i aria-hidden=\"true\" class=\"fas fa-user-md\"><\/i>\t\t\t\t\t\t<\/span>\n\t\t\t\t\t<\/div>\n\t\t\t\t\t\t\t\t\t\t<div class=\"elementor-icon-box-content\">\n\t\t\t\t\t\t<h4 class=\"elementor-icon-box-title\">\n\t\t\t\t\t\t\t<span >Sobre Silva<\/span>\n\t\t\t\t\t\t<\/h4>\n\t\t\t\t\t\t\t\t\t\t\t<\/div>\n\t\t\t\t<\/div>\n\t\t\t\t\t\t\t\t<\/div>\n\t\t\t\t<\/div>\n\t\t\t\t<div class=\"elementor-element elementor-element-5039a20 elementor-widget elementor-widget-text-editor\" data-id=\"5039a20\" data-element_type=\"widget\" data-e-type=\"widget\" data-widget_type=\"text-editor.default\">\n\t\t\t\t<div class=\"elementor-widget-container\">\n\t\t\t\t\t\t\t\t\t<p>Natural de Portugal, \u00e9 fonoaudi\u00f3loga registrada no HCPC, formada pela Escola Superior de Sa\u00fade do Alcoit\u00e3o, em Lisboa, em 2014. Vive e trabalha na Inglaterra h\u00e1 12 anos e \u00e9 fluente em portugu\u00eas e ingl\u00eas. Atua com crian\u00e7as e adultos, ajudando no desenvolvimento de habilidades de comunica\u00e7\u00e3o que promovem mais confian\u00e7a e autonomia no dia a dia.<\/p>\n<p>Possui experi\u00eancia em contextos comunit\u00e1rios, institui\u00e7\u00f5es de caridade e atendimento privado, acompanhando pacientes em diferentes fases da vida. Trabalha com crian\u00e7as que apresentam dificuldades de comunica\u00e7\u00e3o, em parceria com fam\u00edlias e escolas, al\u00e9m de adultos com les\u00f5es cerebrais adquiridas e altera\u00e7\u00f5es de comunica\u00e7\u00e3o de origem neurol\u00f3gica. Essa trajet\u00f3ria consolidou sua abordagem flex\u00edvel, colaborativa e centrada na pessoa.<\/p>\n<p>Sua pr\u00e1tica \u00e9 baseada em avalia\u00e7\u00e3o criteriosa e interven\u00e7\u00f5es fundamentadas em evid\u00eancias cient\u00edficas, com foco em resultados funcionais e aplic\u00e1veis \u00e0 rotina. Atua em conjunto com familiares e equipes multidisciplinares para garantir que as estrat\u00e9gias terap\u00eauticas sejam eficazes e fa\u00e7am sentido no cotidiano. Registrada no HCPC, mant\u00e9m o compromisso com um atendimento \u00e9tico, qualificado e acolhedor. Fora do trabalho, valoriza momentos com a fam\u00edlia e amigos, gosta de conhecer novos lugares e se interessa por temas ligados ao bem-estar e ao desenvolvimento pessoal.<\/p>\n\t\t\t\t\t\t\t\t<\/div>\n\t\t\t\t<\/div>\n\t\t\t\t\t<\/div>\n\t\t<\/div>\n\t\t\t\t<div class=\"elementor-column elementor-col-33 elementor-inner-column elementor-element elementor-element-dc39e5c\" data-id=\"dc39e5c\" data-element_type=\"column\" data-e-type=\"column\">\n\t\t\t<div class=\"elementor-widget-wrap elementor-element-populated\">\n\t\t\t\t\t\t<div class=\"elementor-element elementor-element-a5395c5 elementor-view-default elementor-position-block-start elementor-mobile-position-block-start elementor-widget elementor-widget-icon-box\" data-id=\"a5395c5\" data-element_type=\"widget\" data-e-type=\"widget\" data-widget_type=\"icon-box.default\">\n\t\t\t\t<div class=\"elementor-widget-container\">\n\t\t\t\t\t\t\t\t\t<div  class=\"elementor-icon-box-wrapper\">\n\t\t\t\t\t\t\t\t\t\t<div class=\"elementor-icon-box-icon\">\n\t\t\t\t\t\t<span class=\"elementor-icon elementor-animation-\" >\n\t\t\t\t\t\t<i aria-hidden=\"true\" class=\"fas fa-language\"><\/i>\t\t\t\t\t\t<\/span>\n\t\t\t\t\t<\/div>\n\t\t\t\t\t\t\t\t\t\t<div class=\"elementor-icon-box-content\">\n\t\t\t\t\t\t<h4 class=\"elementor-icon-box-title\">\n\t\t\t\t\t\t\t<span >Idiomas<\/span>\n\t\t\t\t\t\t<\/h4>\n\t\t\t\t\t\t\t\t\t\t\t\t<p class=\"elementor-icon-box-description\">. Portugu\u00eas<br\/>\r\n. Ingl\u00eas<\/p>\n\t\t\t\t\t\t\t\t\t\t\t<\/div>\n\t\t\t\t<\/div>\n\t\t\t\t\t\t\t\t<\/div>\n\t\t\t\t<\/div>\n\t\t\t\t\t<\/div>\n\t\t<\/div>\n\t\t\t\t\t<\/div>\n\t\t<\/section>\n\t\t\t\t\t<\/div>\n\t\t<\/div>\n\t\t\t\t\t<\/div>\n\t\t<\/section>\n\t\t\t\t<\/div>\n\t\t","protected":false},"excerpt":{"rendered":"<p>Joana da Silva Fonoaudi\u00f3loga Agendar Consulta Sobre Silva Sobre Silva Natural de Portugal, \u00e9 fonoaudi\u00f3loga registrada no HCPC, formada pela Escola Superior de Sa\u00fade do Alcoit\u00e3o, em Lisboa, em 2014. Vive e trabalha na Inglaterra h\u00e1 12 anos e \u00e9 fluente em portugu\u00eas e ingl\u00eas. Atua com crian\u00e7as e adultos, ajudando no desenvolvimento de habilidades&#8230;<\/p>\n","protected":false},"author":1,"featured_media":0,"parent":0,"menu_order":0,"comment_status":"closed","ping_status":"closed","template":"","meta":{"footnotes":""},"class_list":["post-1007121","page","type-page","status-publish","hentry"],"_links":{"self":[{"href":"https:\/\/ovalmedicalcentre.co.uk\/pt-br\/wp-json\/wp\/v2\/pages\/1007121","targetHints":{"allow":["GET"]}}],"collection":[{"href":"https:\/\/ovalmedicalcentre.co.uk\/pt-br\/wp-json\/wp\/v2\/pages"}],"about":[{"href":"https:\/\/ovalmedicalcentre.co.uk\/pt-br\/wp-json\/wp\/v2\/types\/page"}],"author":[{"embeddable":true,"href":"https:\/\/ovalmedicalcentre.co.uk\/pt-br\/wp-json\/wp\/v2\/users\/1"}],"replies":[{"embeddable":true,"href":"https:\/\/ovalmedicalcentre.co.uk\/pt-br\/wp-json\/wp\/v2\/comments?post=1007121"}],"version-history":[{"count":1,"href":"https:\/\/ovalmedicalcentre.co.uk\/pt-br\/wp-json\/wp\/v2\/pages\/1007121\/revisions"}],"predecessor-version":[{"id":1007122,"href":"https:\/\/ovalmedicalcentre.co.uk\/pt-br\/wp-json\/wp\/v2\/pages\/1007121\/revisions\/1007122"}],"wp:attachment":[{"href":"https:\/\/ovalmedicalcentre.co.uk\/pt-br\/wp-json\/wp\/v2\/media?parent=1007121"}],"curies":[{"name":"wp","href":"https:\/\/api.w.org\/{rel}","templated":true}]}}