{"id":997078,"date":"2023-01-31T16:10:45","date_gmt":"2023-01-31T16:10:45","guid":{"rendered":"https:\/\/ovalmedicalcentre.co.uk\/consultas-no-mesmo-dia\/"},"modified":"2023-04-19T17:50:49","modified_gmt":"2023-04-19T16:50:49","slug":"consultas-no-mesmo-dia","status":"publish","type":"page","link":"https:\/\/ovalmedicalcentre.co.uk\/pt-br\/consultas-no-mesmo-dia\/","title":{"rendered":"Consultas no mesmo dia"},"content":{"rendered":"\t\t<div data-elementor-type=\"wp-page\" data-elementor-id=\"997078\" class=\"elementor elementor-997078 elementor-991509\" data-elementor-post-type=\"page\">\n\t\t\t\t\t\t<section class=\"elementor-section elementor-top-section elementor-element elementor-element-b17464a elementor-section-boxed elementor-section-height-default elementor-section-height-default\" data-id=\"b17464a\" data-element_type=\"section\" data-e-type=\"section\" data-settings=\"{&quot;background_background&quot;:&quot;gradient&quot;,&quot;shape_divider_bottom&quot;:&quot;curve&quot;,&quot;shape_divider_bottom_negative&quot;:&quot;yes&quot;}\">\n\t\t\t\t\t\t\t<div class=\"elementor-background-overlay\"><\/div>\n\t\t\t\t\t\t<div class=\"elementor-shape elementor-shape-bottom\" aria-hidden=\"true\" data-negative=\"true\">\n\t\t\t<svg xmlns=\"http:\/\/www.w3.org\/2000\/svg\" viewBox=\"0 0 1000 100\" preserveAspectRatio=\"none\">\n\t<path class=\"elementor-shape-fill\" d=\"M500,97C126.7,96.3,0.8,19.8,0,0v100l1000,0V1C1000,19.4,873.3,97.8,500,97z\"\/>\n<\/svg>\t\t<\/div>\n\t\t\t\t\t<div class=\"elementor-container elementor-column-gap-default\">\n\t\t\t\t\t<div class=\"elementor-column elementor-col-25 elementor-top-column elementor-element elementor-element-020b79f\" data-id=\"020b79f\" data-element_type=\"column\" data-e-type=\"column\">\n\t\t\t<div class=\"elementor-widget-wrap\">\n\t\t\t\t\t\t\t<\/div>\n\t\t<\/div>\n\t\t\t\t<div class=\"elementor-column elementor-col-50 elementor-top-column elementor-element elementor-element-befffa1\" data-id=\"befffa1\" data-element_type=\"column\" data-e-type=\"column\">\n\t\t\t<div class=\"elementor-widget-wrap elementor-element-populated\">\n\t\t\t\t\t\t<div class=\"elementor-element elementor-element-28e9d62 elementor-view-stacked elementor-hidden-desktop elementor-hidden-tablet elementor-shape-circle elementor-widget elementor-widget-icon\" data-id=\"28e9d62\" data-element_type=\"widget\" data-e-type=\"widget\" data-widget_type=\"icon.default\">\n\t\t\t\t<div class=\"elementor-widget-container\">\n\t\t\t\t\t\t\t<div class=\"elementor-icon-wrapper\">\n\t\t\t<div class=\"elementor-icon\">\n\t\t\t<i aria-hidden=\"true\" class=\"fas fa-plus-circle\"><\/i>\t\t\t<\/div>\n\t\t<\/div>\n\t\t\t\t\t\t<\/div>\n\t\t\t\t<\/div>\n\t\t\t\t<div class=\"elementor-element elementor-element-b078910 elementor-widget elementor-widget-heading\" data-id=\"b078910\" data-element_type=\"widget\" data-e-type=\"widget\" data-widget_type=\"heading.default\">\n\t\t\t\t<div class=\"elementor-widget-container\">\n\t\t\t\t\t<h1 class=\"elementor-heading-title elementor-size-default\">Consultas no Mesmo Dia<\/h1>\t\t\t\t<\/div>\n\t\t\t\t<\/div>\n\t\t\t\t<div class=\"elementor-element elementor-element-05bdd95 elementor-widget elementor-widget-heading\" data-id=\"05bdd95\" data-element_type=\"widget\" data-e-type=\"widget\" data-widget_type=\"heading.default\">\n\t\t\t\t<div class=\"elementor-widget-container\">\n\t\t\t\t\t<h4 class=\"elementor-heading-title elementor-size-default\">Um dos muitos benef\u00edcios da Oval Medical Centre \u00e9 que voc\u00ea pode evitar listas de espera e ser atendido no mesmo dia. <\/h4>\t\t\t\t<\/div>\n\t\t\t\t<\/div>\n\t\t\t\t\t<\/div>\n\t\t<\/div>\n\t\t\t\t<div class=\"elementor-column elementor-col-25 elementor-top-column elementor-element elementor-element-d6283df\" data-id=\"d6283df\" data-element_type=\"column\" data-e-type=\"column\">\n\t\t\t<div class=\"elementor-widget-wrap\">\n\t\t\t\t\t\t\t<\/div>\n\t\t<\/div>\n\t\t\t\t\t<\/div>\n\t\t<\/section>\n\t\t\t\t<section class=\"elementor-section elementor-top-section elementor-element elementor-element-2d71e8c main-body-wrap elementor-section-boxed elementor-section-height-default elementor-section-height-default\" data-id=\"2d71e8c\" data-element_type=\"section\" data-e-type=\"section\">\n\t\t\t\t\t\t<div class=\"elementor-container elementor-column-gap-default\">\n\t\t\t\t\t<div class=\"elementor-column elementor-col-50 elementor-top-column elementor-element elementor-element-d225ffb\" data-id=\"d225ffb\" data-element_type=\"column\" data-e-type=\"column\">\n\t\t\t<div class=\"elementor-widget-wrap elementor-element-populated\">\n\t\t\t\t\t\t<div class=\"elementor-element elementor-element-9fff4f7 elementor-widget elementor-widget-heading\" data-id=\"9fff4f7\" data-element_type=\"widget\" data-e-type=\"widget\" data-widget_type=\"heading.default\">\n\t\t\t\t<div class=\"elementor-widget-container\">\n\t\t\t\t\t<h3 class=\"elementor-heading-title elementor-size-default\">M\u00e9dico no mesmo dia presencial, por v\u00eddeo ou telefone <\/h3>\t\t\t\t<\/div>\n\t\t\t\t<\/div>\n\t\t\t\t<div class=\"elementor-element elementor-element-8b57f67 elementor-widget elementor-widget-text-editor\" data-id=\"8b57f67\" data-element_type=\"widget\" data-e-type=\"widget\" data-widget_type=\"text-editor.default\">\n\t\t\t\t<div class=\"elementor-widget-container\">\n\t\t\t\t\t\t\t\t\t<p>Marque uma consulta com um cl\u00ednico geral em nosso centro m\u00e9dico em\u00a0Londres em poucas horas, solicitando por telefone ou agendando online.<\/p><p><span class=\"TextRun SCXW47908887 BCX0\" lang=\"PT-BR\" xml:lang=\"PT-BR\" data-contrast=\"auto\"><span class=\"NormalTextRun SCXW47908887 BCX0\">Como estamos a apenas tr\u00eas minutos da Esta\u00e7\u00e3o <\/span><span class=\"NormalTextRun SCXW47908887 BCX0\">de <\/span><span class=\"NormalTextRun SCXW47908887 BCX0\">Oval, alguns pacientes acham f\u00e1cil visitar nosso centro m\u00e9dico privado convenientemente localizado em seu hor\u00e1rio de trabalho.<\/span><\/span><span class=\"EOP SCXW47908887 BCX0\" data-ccp-props=\"{&quot;201341983&quot;:0,&quot;335559739&quot;:160,&quot;335559740&quot;:259}\">\u00a0<\/span><\/p><p><span class=\"TextRun SCXW218009176 BCX0\" lang=\"PT-BR\" xml:lang=\"PT-BR\" data-contrast=\"auto\"><span class=\"NormalTextRun SCXW218009176 BCX0\">Tamb\u00e9m oferecemos consultas remotas em sua casa ou escrit\u00f3rio. Voc\u00ea pode verificar se precisa comparecer pessoalmente ou obter conselhos &#8220;virtuais&#8221; de um <\/span><span class=\"NormalTextRun SCXW218009176 BCX0\">m\u00e9dico<\/span><span class=\"NormalTextRun SCXW218009176 BCX0\"> particular <\/span><span class=\"NormalTextRun SCXW218009176 BCX0\">em<\/span><span class=\"NormalTextRun SCXW218009176 BCX0\">\u00a0Londres.<\/span><\/span><span class=\"EOP SCXW218009176 BCX0\" data-ccp-props=\"{&quot;201341983&quot;:0,&quot;335559739&quot;:160,&quot;335559740&quot;:259}\">\u00a0<\/span><\/p>\t\t\t\t\t\t\t\t<\/div>\n\t\t\t\t<\/div>\n\t\t\t\t<section class=\"elementor-section elementor-inner-section elementor-element elementor-element-a94099b elementor-section-boxed elementor-section-height-default elementor-section-height-default\" data-id=\"a94099b\" data-element_type=\"section\" data-e-type=\"section\" data-settings=\"{&quot;background_background&quot;:&quot;classic&quot;}\">\n\t\t\t\t\t\t<div class=\"elementor-container elementor-column-gap-default\">\n\t\t\t\t\t<div class=\"elementor-column elementor-col-100 elementor-inner-column elementor-element elementor-element-86c450b\" data-id=\"86c450b\" data-element_type=\"column\" data-e-type=\"column\" data-settings=\"{&quot;background_background&quot;:&quot;classic&quot;}\">\n\t\t\t<div class=\"elementor-widget-wrap elementor-element-populated\">\n\t\t\t\t\t\t<div class=\"elementor-element elementor-element-b53b8c1 elementor-view-stacked elementor-shape-circle elementor-widget elementor-widget-icon\" data-id=\"b53b8c1\" data-element_type=\"widget\" data-e-type=\"widget\" data-widget_type=\"icon.default\">\n\t\t\t\t<div class=\"elementor-widget-container\">\n\t\t\t\t\t\t\t<div class=\"elementor-icon-wrapper\">\n\t\t\t<div class=\"elementor-icon\">\n\t\t\t<i aria-hidden=\"true\" class=\"fas fa-info\"><\/i>\t\t\t<\/div>\n\t\t<\/div>\n\t\t\t\t\t\t<\/div>\n\t\t\t\t<\/div>\n\t\t\t\t<div class=\"elementor-element elementor-element-f22de3e elementor-widget elementor-widget-text-editor\" data-id=\"f22de3e\" data-element_type=\"widget\" data-e-type=\"widget\" data-widget_type=\"text-editor.default\">\n\t\t\t\t<div class=\"elementor-widget-container\">\n\t\t\t\t\t\t\t\t\t<p><em>\u00c0 medida que a demanda por nossos servi\u00e7os de sa\u00fade privados aumenta, \u00e9 recomend\u00e1vel que voc\u00ea verifique primeiro a disponibilidade para uma consulta <span class=\"NormalTextRun SCXW124015128 BCX0\">no mesmo dia<\/span><span class=\"NormalTextRun SCXW124015128 BCX0\"> com o m\u00e9dico.<\/span><\/em><\/p>\t\t\t\t\t\t\t\t<\/div>\n\t\t\t\t<\/div>\n\t\t\t\t\t<\/div>\n\t\t<\/div>\n\t\t\t\t\t<\/div>\n\t\t<\/section>\n\t\t\t\t\t<\/div>\n\t\t<\/div>\n\t\t\t\t<div class=\"elementor-column elementor-col-50 elementor-top-column elementor-element elementor-element-ddbde3f elementor-hidden-mobile\" data-id=\"ddbde3f\" data-element_type=\"column\" data-e-type=\"column\" data-settings=\"{&quot;background_background&quot;:&quot;classic&quot;}\">\n\t\t\t<div class=\"elementor-widget-wrap elementor-element-populated\">\n\t\t\t\t\t\t<section class=\"elementor-section elementor-inner-section elementor-element elementor-element-6ae0a3b elementor-hidden-tablet elementor-hidden-mobile elementor-section-boxed elementor-section-height-default elementor-section-height-default\" data-id=\"6ae0a3b\" data-element_type=\"section\" data-e-type=\"section\">\n\t\t\t\t\t\t<div class=\"elementor-container elementor-column-gap-default\">\n\t\t\t\t\t<div class=\"elementor-column elementor-col-100 elementor-inner-column elementor-element elementor-element-6067362 elementor-hidden-mobile\" data-id=\"6067362\" data-element_type=\"column\" data-e-type=\"column\" data-settings=\"{&quot;background_background&quot;:&quot;classic&quot;}\">\n\t\t\t<div class=\"elementor-widget-wrap elementor-element-populated\">\n\t\t\t\t\t\t<div class=\"elementor-element elementor-element-0100b80 elementor-widget__width-auto elementor-widget elementor-widget-image\" data-id=\"0100b80\" data-element_type=\"widget\" data-e-type=\"widget\" data-widget_type=\"image.default\">\n\t\t\t\t<div class=\"elementor-widget-container\">\n\t\t\t\t\t\t\t\t\t\t\t\t\t\t\t<img fetchpriority=\"high\" decoding=\"async\" width=\"900\" height=\"960\" src=\"https:\/\/ovalmedicalcentre.co.uk\/wp-content\/uploads\/2023\/02\/Same-Day-Doctor.jpg\" class=\"attachment-large size-large wp-image-992044\" alt=\"A doctor seeing a patient via laptop\" srcset=\"https:\/\/ovalmedicalcentre.co.uk\/wp-content\/uploads\/2023\/02\/Same-Day-Doctor.jpg 900w, https:\/\/ovalmedicalcentre.co.uk\/wp-content\/uploads\/2023\/02\/Same-Day-Doctor-281x300.jpg 281w, https:\/\/ovalmedicalcentre.co.uk\/wp-content\/uploads\/2023\/02\/Same-Day-Doctor-768x819.jpg 768w\" sizes=\"(max-width: 900px) 100vw, 900px\" \/>\t\t\t\t\t\t\t\t\t\t\t\t\t\t\t<\/div>\n\t\t\t\t<\/div>\n\t\t\t\t\t<\/div>\n\t\t<\/div>\n\t\t\t\t\t<\/div>\n\t\t<\/section>\n\t\t\t\t\t<\/div>\n\t\t<\/div>\n\t\t\t\t\t<\/div>\n\t\t<\/section>\n\t\t\t\t<\/div>\n\t\t","protected":false},"excerpt":{"rendered":"<p>Consultas no Mesmo Dia Um dos muitos benef\u00edcios da Oval Medical Centre \u00e9 que voc\u00ea pode evitar listas de espera e ser atendido no mesmo dia. M\u00e9dico no mesmo dia presencial, por v\u00eddeo ou telefone Marque uma consulta com um cl\u00ednico geral em nosso centro m\u00e9dico em\u00a0Londres em poucas horas, solicitando por telefone ou agendando&#8230;<\/p>\n","protected":false},"author":1,"featured_media":0,"parent":0,"menu_order":0,"comment_status":"closed","ping_status":"closed","template":"","meta":{"footnotes":""},"class_list":["post-997078","page","type-page","status-publish","hentry"],"_links":{"self":[{"href":"https:\/\/ovalmedicalcentre.co.uk\/pt-br\/wp-json\/wp\/v2\/pages\/997078","targetHints":{"allow":["GET"]}}],"collection":[{"href":"https:\/\/ovalmedicalcentre.co.uk\/pt-br\/wp-json\/wp\/v2\/pages"}],"about":[{"href":"https:\/\/ovalmedicalcentre.co.uk\/pt-br\/wp-json\/wp\/v2\/types\/page"}],"author":[{"embeddable":true,"href":"https:\/\/ovalmedicalcentre.co.uk\/pt-br\/wp-json\/wp\/v2\/users\/1"}],"replies":[{"embeddable":true,"href":"https:\/\/ovalmedicalcentre.co.uk\/pt-br\/wp-json\/wp\/v2\/comments?post=997078"}],"version-history":[{"count":0,"href":"https:\/\/ovalmedicalcentre.co.uk\/pt-br\/wp-json\/wp\/v2\/pages\/997078\/revisions"}],"wp:attachment":[{"href":"https:\/\/ovalmedicalcentre.co.uk\/pt-br\/wp-json\/wp\/v2\/media?parent=997078"}],"curies":[{"name":"wp","href":"https:\/\/api.w.org\/{rel}","templated":true}]}}