{"id":997250,"date":"2023-03-10T15:01:24","date_gmt":"2023-03-10T15:01:24","guid":{"rendered":"https:\/\/ovalmedicalcentre.co.uk\/politica-de-prescricao\/"},"modified":"2023-04-25T17:00:32","modified_gmt":"2023-04-25T16:00:32","slug":"politica-de-prescricao","status":"publish","type":"page","link":"https:\/\/ovalmedicalcentre.co.uk\/pt-br\/politica-de-prescricao\/","title":{"rendered":"Pol\u00edtica de Prescri\u00e7\u00e3o"},"content":{"rendered":"\t\t<div data-elementor-type=\"wp-page\" data-elementor-id=\"997250\" class=\"elementor elementor-997250 elementor-994747\" data-elementor-post-type=\"page\">\n\t\t\t\t\t\t<section class=\"elementor-section elementor-top-section elementor-element elementor-element-376fc7d elementor-section-boxed elementor-section-height-default elementor-section-height-default\" data-id=\"376fc7d\" data-element_type=\"section\" data-e-type=\"section\" data-settings=\"{&quot;background_background&quot;:&quot;gradient&quot;,&quot;shape_divider_bottom&quot;:&quot;curve&quot;,&quot;shape_divider_bottom_negative&quot;:&quot;yes&quot;}\">\n\t\t\t\t\t\t\t<div class=\"elementor-background-overlay\"><\/div>\n\t\t\t\t\t\t<div class=\"elementor-shape elementor-shape-bottom\" aria-hidden=\"true\" data-negative=\"true\">\n\t\t\t<svg xmlns=\"http:\/\/www.w3.org\/2000\/svg\" viewBox=\"0 0 1000 100\" preserveAspectRatio=\"none\">\n\t<path class=\"elementor-shape-fill\" d=\"M500,97C126.7,96.3,0.8,19.8,0,0v100l1000,0V1C1000,19.4,873.3,97.8,500,97z\"\/>\n<\/svg>\t\t<\/div>\n\t\t\t\t\t<div class=\"elementor-container elementor-column-gap-default\">\n\t\t\t\t\t<div class=\"elementor-column elementor-col-25 elementor-top-column elementor-element elementor-element-9074337\" data-id=\"9074337\" data-element_type=\"column\" data-e-type=\"column\">\n\t\t\t<div class=\"elementor-widget-wrap\">\n\t\t\t\t\t\t\t<\/div>\n\t\t<\/div>\n\t\t\t\t<div class=\"elementor-column elementor-col-50 elementor-top-column elementor-element elementor-element-b699602\" data-id=\"b699602\" data-element_type=\"column\" data-e-type=\"column\">\n\t\t\t<div class=\"elementor-widget-wrap elementor-element-populated\">\n\t\t\t\t\t\t<div class=\"elementor-element elementor-element-6772be8 elementor-widget elementor-widget-heading\" data-id=\"6772be8\" data-element_type=\"widget\" data-e-type=\"widget\" data-widget_type=\"heading.default\">\n\t\t\t\t<div class=\"elementor-widget-container\">\n\t\t\t\t\t<h1 class=\"elementor-heading-title elementor-size-default\">Pol\u00edtica de Prescri\u00e7\u00e3o<\/h1>\t\t\t\t<\/div>\n\t\t\t\t<\/div>\n\t\t\t\t\t<\/div>\n\t\t<\/div>\n\t\t\t\t<div class=\"elementor-column elementor-col-25 elementor-top-column elementor-element elementor-element-492e4b3\" data-id=\"492e4b3\" data-element_type=\"column\" data-e-type=\"column\">\n\t\t\t<div class=\"elementor-widget-wrap\">\n\t\t\t\t\t\t\t<\/div>\n\t\t<\/div>\n\t\t\t\t\t<\/div>\n\t\t<\/section>\n\t\t\t\t<section class=\"elementor-section elementor-top-section elementor-element elementor-element-b05f1a1 elementor-section-boxed elementor-section-height-default elementor-section-height-default\" data-id=\"b05f1a1\" data-element_type=\"section\" data-e-type=\"section\">\n\t\t\t\t\t\t<div class=\"elementor-container elementor-column-gap-default\">\n\t\t\t\t\t<div class=\"elementor-column elementor-col-100 elementor-top-column elementor-element elementor-element-566cfc2\" data-id=\"566cfc2\" data-element_type=\"column\" data-e-type=\"column\">\n\t\t\t<div class=\"elementor-widget-wrap elementor-element-populated\">\n\t\t\t\t\t\t<div class=\"elementor-element elementor-element-3efacdb elementor-view-stacked elementor-widget__width-auto elementor-shape-circle elementor-widget elementor-widget-icon\" data-id=\"3efacdb\" data-element_type=\"widget\" data-e-type=\"widget\" data-widget_type=\"icon.default\">\n\t\t\t\t<div class=\"elementor-widget-container\">\n\t\t\t\t\t\t\t<div class=\"elementor-icon-wrapper\">\n\t\t\t<div class=\"elementor-icon\">\n\t\t\t<i aria-hidden=\"true\" class=\"fas fa-pills\"><\/i>\t\t\t<\/div>\n\t\t<\/div>\n\t\t\t\t\t\t<\/div>\n\t\t\t\t<\/div>\n\t\t\t\t\t<\/div>\n\t\t<\/div>\n\t\t\t\t\t<\/div>\n\t\t<\/section>\n\t\t\t\t<section class=\"elementor-section elementor-top-section elementor-element elementor-element-4e63335 elementor-section-boxed elementor-section-height-default elementor-section-height-default\" data-id=\"4e63335\" data-element_type=\"section\" data-e-type=\"section\">\n\t\t\t\t\t\t<div class=\"elementor-container elementor-column-gap-default\">\n\t\t\t\t\t<div class=\"elementor-column elementor-col-25 elementor-top-column elementor-element elementor-element-8c0e41a\" data-id=\"8c0e41a\" data-element_type=\"column\" data-e-type=\"column\">\n\t\t\t<div class=\"elementor-widget-wrap\">\n\t\t\t\t\t\t\t<\/div>\n\t\t<\/div>\n\t\t\t\t<div class=\"elementor-column elementor-col-50 elementor-top-column elementor-element elementor-element-4427010\" data-id=\"4427010\" data-element_type=\"column\" data-e-type=\"column\">\n\t\t\t<div class=\"elementor-widget-wrap elementor-element-populated\">\n\t\t\t\t\t\t<div class=\"elementor-element elementor-element-70aabf7 elementor-widget elementor-widget-text-editor\" data-id=\"70aabf7\" data-element_type=\"widget\" data-e-type=\"widget\" data-widget_type=\"text-editor.default\">\n\t\t\t\t<div class=\"elementor-widget-container\">\n\t\t\t\t\t\t\t\t\t<p>Os pacientes cadastrados na Oval Medical Centre receber\u00e3o medicamentos prescritos de acordo com a necessidade cl\u00ednica.<\/p>\n<p>Todos os novos pacientes ser\u00e3o questionados sobre a medica\u00e7\u00e3o atual no Formul\u00e1rio de Registro de Novo Paciente e em sua Consulta de Revis\u00e3o de Novo Paciente. A medica\u00e7\u00e3o ser\u00e1 adicionada ao seu registro por um m\u00e9dico.<\/p>\n<p>O cl\u00ednico geral opera uma pol\u00edtica de prescri\u00e7\u00e3o de medicamentos dentro da licen\u00e7a.<\/p>\n<p>Nos casos em que a medica\u00e7\u00e3o foi prescrita, essa informa\u00e7\u00e3o \u00e9 registrada no prontu\u00e1rio do paciente no momento.<\/p>\n<p>Os hospitais que adicionaram \/ descontinuaram \/ alteraram a medica\u00e7\u00e3o de um paciente, a pr\u00e1tica ir\u00e1 garantir que essas informa\u00e7\u00f5es sejam registradas no prontu\u00e1rio do paciente em tempo h\u00e1bil. Os documentos ser\u00e3o digitalizados no registro do paciente e uma solicita\u00e7\u00e3o ser\u00e1 enviada ao m\u00e9dico do paciente para que ele atualize o registro conforme apropriado e emita qualquer prescri\u00e7\u00e3o necess\u00e1ria.<\/p>\n<p>Quando o n\u00famero m\u00e1ximo de prescri\u00e7\u00f5es repetidas autorizadas for atingido, uma solicita\u00e7\u00e3o ser\u00e1 enviada ao m\u00e9dico para re-autoriza\u00e7\u00e3o e ser\u00e1 registrada no prontu\u00e1rio do paciente.<\/p>\n<p>A pol\u00edtica da Oval Medical Centre \u00e9 que todos os pacientes que tomam medicamentos devem receber uma revis\u00e3o de medicamentos pelo menos uma vez por ano.<\/p>\n<p>Quando alergias ou sensibilidades s\u00e3o relatadas, elas ser\u00e3o registradas no prontu\u00e1rio do paciente.<\/p>\n<p>Quando o medicamento \u00e9 prescrito, o m\u00e9 aconselhar\u00e1 o paciente sobre quaisquer poss\u00edveis efeitos colaterais e explicar\u00e1 que, se sentir algum efeito colateral, deve-se procurar aconselhamento. O registro do paciente ser\u00e1 anotado para dizer que este conselho foi dado.<\/p>\n<p>Todos os medicamentos prescritos ser\u00e3o vinculados a um diagn\u00f3stico no prontu\u00e1rio do paciente e ser\u00e3o lidos e codificados apropriadamente, se o sistema cl\u00ednico permitir.<\/p>\n<p>Os pacientes receber\u00e3o conselhos sobre como e quando tomar seus medicamentos e essas informa\u00e7\u00f5es tamb\u00e9m estar\u00e3o impressas na receita e no r\u00f3tulo de distribui\u00e7\u00e3o.<\/p>\t\t\t\t\t\t\t\t<\/div>\n\t\t\t\t<\/div>\n\t\t\t\t<div class=\"elementor-element elementor-element-ae378b8 elementor-align-left elementor-mobile-align-center btn-nogb-border elementor-widget elementor-widget-button\" data-id=\"ae378b8\" data-element_type=\"widget\" data-e-type=\"widget\" data-widget_type=\"button.default\">\n\t\t\t\t<div class=\"elementor-widget-container\">\n\t\t\t\t\t\t\t\t\t<div class=\"elementor-button-wrapper\">\n\t\t\t\t\t<a class=\"elementor-button elementor-button-link elementor-size-sm\" href=\"\/pt-br\/informacoes-importantes\/\">\n\t\t\t\t\t\t<span class=\"elementor-button-content-wrapper\">\n\t\t\t\t\t\t<span class=\"elementor-button-icon\">\n\t\t\t\t<i aria-hidden=\"true\" class=\"fas fa-chevron-circle-left\"><\/i>\t\t\t<\/span>\n\t\t\t\t\t\t\t\t\t<span class=\"elementor-button-text\">Retornar<\/span>\n\t\t\t\t\t<\/span>\n\t\t\t\t\t<\/a>\n\t\t\t\t<\/div>\n\t\t\t\t\t\t\t\t<\/div>\n\t\t\t\t<\/div>\n\t\t\t\t\t<\/div>\n\t\t<\/div>\n\t\t\t\t<div class=\"elementor-column elementor-col-25 elementor-top-column elementor-element elementor-element-284cbd0\" data-id=\"284cbd0\" data-element_type=\"column\" data-e-type=\"column\">\n\t\t\t<div class=\"elementor-widget-wrap\">\n\t\t\t\t\t\t\t<\/div>\n\t\t<\/div>\n\t\t\t\t\t<\/div>\n\t\t<\/section>\n\t\t\t\t<\/div>\n\t\t","protected":false},"excerpt":{"rendered":"<p>Os pacientes cadastrados na Oval Medical Centre receber\u00e3o medicamentos prescritos de acordo com a necessidade cl\u00ednica. Todos os novos pacientes ser\u00e3o questionados sobre a medica\u00e7\u00e3o atual no Formul\u00e1rio de Registro de Novo Paciente e em sua Consulta de Revis\u00e3o de Novo Paciente. A medica\u00e7\u00e3o ser\u00e1 adicionada ao seu registro por um m\u00e9dico. O cl\u00ednico geral&#8230;<\/p>\n","protected":false},"author":1,"featured_media":0,"parent":0,"menu_order":0,"comment_status":"closed","ping_status":"closed","template":"","meta":{"footnotes":""},"class_list":["post-997250","page","type-page","status-publish","hentry"],"_links":{"self":[{"href":"https:\/\/ovalmedicalcentre.co.uk\/pt-br\/wp-json\/wp\/v2\/pages\/997250","targetHints":{"allow":["GET"]}}],"collection":[{"href":"https:\/\/ovalmedicalcentre.co.uk\/pt-br\/wp-json\/wp\/v2\/pages"}],"about":[{"href":"https:\/\/ovalmedicalcentre.co.uk\/pt-br\/wp-json\/wp\/v2\/types\/page"}],"author":[{"embeddable":true,"href":"https:\/\/ovalmedicalcentre.co.uk\/pt-br\/wp-json\/wp\/v2\/users\/1"}],"replies":[{"embeddable":true,"href":"https:\/\/ovalmedicalcentre.co.uk\/pt-br\/wp-json\/wp\/v2\/comments?post=997250"}],"version-history":[{"count":0,"href":"https:\/\/ovalmedicalcentre.co.uk\/pt-br\/wp-json\/wp\/v2\/pages\/997250\/revisions"}],"wp:attachment":[{"href":"https:\/\/ovalmedicalcentre.co.uk\/pt-br\/wp-json\/wp\/v2\/media?parent=997250"}],"curies":[{"name":"wp","href":"https:\/\/api.w.org\/{rel}","templated":true}]}}