{"id":997303,"date":"2023-03-10T15:52:28","date_gmt":"2023-03-10T15:52:28","guid":{"rendered":"https:\/\/ovalmedicalcentre.co.uk\/politica-de-retorno-gratuita-da-consulta\/"},"modified":"2024-10-04T10:52:37","modified_gmt":"2024-10-04T09:52:37","slug":"politica-de-retorno-de-consulta-gratuita","status":"publish","type":"page","link":"https:\/\/ovalmedicalcentre.co.uk\/pt-br\/politica-de-retorno-de-consulta-gratuita\/","title":{"rendered":"Pol\u00edtica de Retorno de Consulta Gratuita"},"content":{"rendered":"\t\t<div data-elementor-type=\"wp-page\" data-elementor-id=\"997303\" class=\"elementor elementor-997303 elementor-994764\" data-elementor-post-type=\"page\">\n\t\t\t\t\t\t<section class=\"elementor-section elementor-top-section elementor-element elementor-element-89268d9 elementor-section-boxed elementor-section-height-default elementor-section-height-default\" data-id=\"89268d9\" data-element_type=\"section\" data-e-type=\"section\" data-settings=\"{&quot;background_background&quot;:&quot;gradient&quot;,&quot;shape_divider_bottom&quot;:&quot;curve&quot;,&quot;shape_divider_bottom_negative&quot;:&quot;yes&quot;}\">\n\t\t\t\t\t\t\t<div class=\"elementor-background-overlay\"><\/div>\n\t\t\t\t\t\t<div class=\"elementor-shape elementor-shape-bottom\" aria-hidden=\"true\" data-negative=\"true\">\n\t\t\t<svg xmlns=\"http:\/\/www.w3.org\/2000\/svg\" viewBox=\"0 0 1000 100\" preserveAspectRatio=\"none\">\n\t<path class=\"elementor-shape-fill\" d=\"M500,97C126.7,96.3,0.8,19.8,0,0v100l1000,0V1C1000,19.4,873.3,97.8,500,97z\"\/>\n<\/svg>\t\t<\/div>\n\t\t\t\t\t<div class=\"elementor-container elementor-column-gap-default\">\n\t\t\t\t\t<div class=\"elementor-column elementor-col-25 elementor-top-column elementor-element elementor-element-5f4fa77\" data-id=\"5f4fa77\" data-element_type=\"column\" data-e-type=\"column\">\n\t\t\t<div class=\"elementor-widget-wrap\">\n\t\t\t\t\t\t\t<\/div>\n\t\t<\/div>\n\t\t\t\t<div class=\"elementor-column elementor-col-50 elementor-top-column elementor-element elementor-element-43b8c12\" data-id=\"43b8c12\" data-element_type=\"column\" data-e-type=\"column\">\n\t\t\t<div class=\"elementor-widget-wrap elementor-element-populated\">\n\t\t\t\t\t\t<div class=\"elementor-element elementor-element-01cf8e3 elementor-widget elementor-widget-heading\" data-id=\"01cf8e3\" data-element_type=\"widget\" data-e-type=\"widget\" data-widget_type=\"heading.default\">\n\t\t\t\t<div class=\"elementor-widget-container\">\n\t\t\t\t\t<h1 class=\"elementor-heading-title elementor-size-default\">Pol\u00edtica de Retorno de Consulta Gratuita<\/h1>\t\t\t\t<\/div>\n\t\t\t\t<\/div>\n\t\t\t\t\t<\/div>\n\t\t<\/div>\n\t\t\t\t<div class=\"elementor-column elementor-col-25 elementor-top-column elementor-element elementor-element-85def38\" data-id=\"85def38\" data-element_type=\"column\" data-e-type=\"column\">\n\t\t\t<div class=\"elementor-widget-wrap\">\n\t\t\t\t\t\t\t<\/div>\n\t\t<\/div>\n\t\t\t\t\t<\/div>\n\t\t<\/section>\n\t\t\t\t<section class=\"elementor-section elementor-top-section elementor-element elementor-element-0e98a96 elementor-section-boxed elementor-section-height-default elementor-section-height-default\" data-id=\"0e98a96\" data-element_type=\"section\" data-e-type=\"section\">\n\t\t\t\t\t\t<div class=\"elementor-container elementor-column-gap-default\">\n\t\t\t\t\t<div class=\"elementor-column elementor-col-100 elementor-top-column elementor-element elementor-element-eb8ed1b\" data-id=\"eb8ed1b\" data-element_type=\"column\" data-e-type=\"column\">\n\t\t\t<div class=\"elementor-widget-wrap elementor-element-populated\">\n\t\t\t\t\t\t<div class=\"elementor-element elementor-element-ac156c9 elementor-view-stacked elementor-widget__width-auto elementor-shape-circle elementor-widget elementor-widget-icon\" data-id=\"ac156c9\" data-element_type=\"widget\" data-e-type=\"widget\" data-widget_type=\"icon.default\">\n\t\t\t\t<div class=\"elementor-widget-container\">\n\t\t\t\t\t\t\t<div class=\"elementor-icon-wrapper\">\n\t\t\t<div class=\"elementor-icon\">\n\t\t\t<i aria-hidden=\"true\" class=\"fas fa-exchange-alt\"><\/i>\t\t\t<\/div>\n\t\t<\/div>\n\t\t\t\t\t\t<\/div>\n\t\t\t\t<\/div>\n\t\t\t\t\t<\/div>\n\t\t<\/div>\n\t\t\t\t\t<\/div>\n\t\t<\/section>\n\t\t\t\t<section class=\"elementor-section elementor-top-section elementor-element elementor-element-eae77b5 elementor-section-boxed elementor-section-height-default elementor-section-height-default\" data-id=\"eae77b5\" data-element_type=\"section\" data-e-type=\"section\">\n\t\t\t\t\t\t<div class=\"elementor-container elementor-column-gap-default\">\n\t\t\t\t\t<div class=\"elementor-column elementor-col-25 elementor-top-column elementor-element elementor-element-fc8866d\" data-id=\"fc8866d\" data-element_type=\"column\" data-e-type=\"column\">\n\t\t\t<div class=\"elementor-widget-wrap\">\n\t\t\t\t\t\t\t<\/div>\n\t\t<\/div>\n\t\t\t\t<div class=\"elementor-column elementor-col-50 elementor-top-column elementor-element elementor-element-b1ce4d4\" data-id=\"b1ce4d4\" data-element_type=\"column\" data-e-type=\"column\">\n\t\t\t<div class=\"elementor-widget-wrap elementor-element-populated\">\n\t\t\t\t\t\t<div class=\"elementor-element elementor-element-e645055 elementor-widget elementor-widget-text-editor\" data-id=\"e645055\" data-element_type=\"widget\" data-e-type=\"widget\" data-widget_type=\"text-editor.default\">\n\t\t\t\t<div class=\"elementor-widget-container\">\n\t\t\t\t\t\t\t\t\tAlguns de nossos m\u00e9dicos oferecem uma consulta gratuita se voc\u00ea retornar dentro de 30 dias de sua consulta original. Para se beneficiar desta pol\u00edtica, voc\u00ea deve mostrar que tem os mesmos sintomas de sua consulta anterior e deve consultar o mesmo m\u00e9dico.\n<h4>Termos e Condi\u00e7\u00f5es:<\/h4>\nOs seguintes m\u00e9dicos oferecem atualmente uma consulta de retorno gratuita:\n<ul class=\"ul-margin-top-bottom\">\n \t<li><span style=\"text-decoration: underline;\"><a href=\"\/pt-br\/dr-justino-monteiro-clinico-geral\/\">Dr. Justino Monteiro<\/a><\/span><\/li>\n \t<li><a href=\"\/pt-br\/dra-sonia-jardim-clinica-geral\/\"><span style=\"text-decoration: underline;\">Dra. Sonia Jardim<\/span><\/a><\/li>\n \t<li><a href=\"\/pt-br\/dr-victor-lourenco-clinico-geral\/\"><span style=\"text-decoration: underline;\">Dr. Victor Lourenco<\/span><\/a><\/li>\n \t<li><a href=\"\/pt-br\/dra-gabrielle-oliveira\/\"><span style=\"text-decoration: underline;\">Dra. Gabrielle Oliveira<\/span><\/a><\/li>\n \t<li><a href=\"https:\/\/ovalmedicalcentre.co.uk\/pt-br\/dr-barbara-marinho-clinica-geral\/\"><span style=\"text-decoration: underline;\">Dra. Barbara Marinho<\/span><\/a><\/li>\n<\/ul>\nSe voc\u00ea precisar de uma consulta de retorno com um m\u00e9dico que n\u00e3o esteja na lista acima, dever\u00e1 pagar o valor total da consulta.\n\nSe voc\u00ea retornar \u00e0 Oval Medical Centre ap\u00f3s o per\u00edodo de 30 dias ter expirado, ser\u00e1 cobrada nossa taxa de consulta regular. Se voc\u00ea retornar dentro do per\u00edodo de 30 dias, mas n\u00e3o consultar o mesmo m\u00e9dico, ser\u00e1 cobrada uma taxa reduzida de \u00a340.\n\nSe voc\u00ea retornar com sintomas diferentes ou com novos sintomas que podem n\u00e3o estar relacionados \u00e0 sua consulta inicial, o custo da sua consulta ficar\u00e1 a crit\u00e9rio do seu m\u00e9dico. Eles tomar\u00e3o essa decis\u00e3o com base no fato de acreditarem ou n\u00e3o que seus sintomas sejam parte do mesmo problema m\u00e9dico ou indicativos de um novo problema.\t\t\t\t\t\t\t\t<\/div>\n\t\t\t\t<\/div>\n\t\t\t\t<div class=\"elementor-element elementor-element-3a7bf63 elementor-align-left elementor-mobile-align-center btn-nogb-border elementor-widget elementor-widget-button\" data-id=\"3a7bf63\" data-element_type=\"widget\" data-e-type=\"widget\" data-widget_type=\"button.default\">\n\t\t\t\t<div class=\"elementor-widget-container\">\n\t\t\t\t\t\t\t\t\t<div class=\"elementor-button-wrapper\">\n\t\t\t\t\t<a class=\"elementor-button elementor-button-link elementor-size-sm\" href=\"\/pt-br\/informacoes-importantes\/\">\n\t\t\t\t\t\t<span class=\"elementor-button-content-wrapper\">\n\t\t\t\t\t\t<span class=\"elementor-button-icon\">\n\t\t\t\t<i aria-hidden=\"true\" class=\"fas fa-chevron-circle-left\"><\/i>\t\t\t<\/span>\n\t\t\t\t\t\t\t\t\t<span class=\"elementor-button-text\">Retornar<\/span>\n\t\t\t\t\t<\/span>\n\t\t\t\t\t<\/a>\n\t\t\t\t<\/div>\n\t\t\t\t\t\t\t\t<\/div>\n\t\t\t\t<\/div>\n\t\t\t\t\t<\/div>\n\t\t<\/div>\n\t\t\t\t<div class=\"elementor-column elementor-col-25 elementor-top-column elementor-element elementor-element-f098e11\" data-id=\"f098e11\" data-element_type=\"column\" data-e-type=\"column\">\n\t\t\t<div class=\"elementor-widget-wrap\">\n\t\t\t\t\t\t\t<\/div>\n\t\t<\/div>\n\t\t\t\t\t<\/div>\n\t\t<\/section>\n\t\t\t\t<\/div>\n\t\t","protected":false},"excerpt":{"rendered":"<p>Alguns de nossos m\u00e9dicos oferecem uma consulta gratuita se voc\u00ea retornar dentro de 30 dias de sua consulta original. Para se beneficiar desta pol\u00edtica, voc\u00ea deve mostrar que tem os mesmos sintomas de sua consulta anterior e deve consultar o mesmo m\u00e9dico. Termos e Condi\u00e7\u00f5es: Os seguintes m\u00e9dicos oferecem atualmente uma consulta de retorno gratuita:&#8230;<\/p>\n","protected":false},"author":1,"featured_media":0,"parent":0,"menu_order":0,"comment_status":"closed","ping_status":"closed","template":"","meta":{"footnotes":""},"class_list":["post-997303","page","type-page","status-publish","hentry"],"_links":{"self":[{"href":"https:\/\/ovalmedicalcentre.co.uk\/pt-br\/wp-json\/wp\/v2\/pages\/997303","targetHints":{"allow":["GET"]}}],"collection":[{"href":"https:\/\/ovalmedicalcentre.co.uk\/pt-br\/wp-json\/wp\/v2\/pages"}],"about":[{"href":"https:\/\/ovalmedicalcentre.co.uk\/pt-br\/wp-json\/wp\/v2\/types\/page"}],"author":[{"embeddable":true,"href":"https:\/\/ovalmedicalcentre.co.uk\/pt-br\/wp-json\/wp\/v2\/users\/1"}],"replies":[{"embeddable":true,"href":"https:\/\/ovalmedicalcentre.co.uk\/pt-br\/wp-json\/wp\/v2\/comments?post=997303"}],"version-history":[{"count":15,"href":"https:\/\/ovalmedicalcentre.co.uk\/pt-br\/wp-json\/wp\/v2\/pages\/997303\/revisions"}],"predecessor-version":[{"id":1004801,"href":"https:\/\/ovalmedicalcentre.co.uk\/pt-br\/wp-json\/wp\/v2\/pages\/997303\/revisions\/1004801"}],"wp:attachment":[{"href":"https:\/\/ovalmedicalcentre.co.uk\/pt-br\/wp-json\/wp\/v2\/media?parent=997303"}],"curies":[{"name":"wp","href":"https:\/\/api.w.org\/{rel}","templated":true}]}}